{"id":10055,"date":"2025-06-04T11:19:25","date_gmt":"2025-06-04T09:19:25","guid":{"rendered":"https:\/\/www.jsgnordsuedcap.de\/?page_id=10055"},"modified":"2025-08-26T11:02:35","modified_gmt":"2025-08-26T09:02:35","slug":"u6-junioren","status":"publish","type":"page","link":"http:\/\/www.jsgnordsuedcap.de\/?page_id=10055","title":{"rendered":"U6- Junioren"},"content":{"rendered":"\n<p><strong>(Jahrgang 2020)<\/strong><\/p>\n\n\n\n<p><strong>Teamfoto wird nachgereicht!<\/strong><\/p>\n\n\n\n<p><strong>Training:<\/strong><br><strong>Mittwochs, 16:00 \u2013 17:30 Uhr, Capelle<\/strong><\/p>\n\n\n\n<p><strong>Trainer:<\/strong><br><strong>R\u00fcdiger Willms     0175 4743404<\/strong><\/p>\n\n\n\n<figure class=\"wp-block-image size-full is-resized\"><a href=\"https:\/\/www.jsgnordsuedcap.de\/wp-content\/uploads\/2025\/08\/14.jpg\"><img loading=\"lazy\" decoding=\"async\" width=\"394\" height=\"551\" src=\"https:\/\/www.jsgnordsuedcap.de\/wp-content\/uploads\/2025\/08\/14.jpg\" alt=\"\" class=\"wp-image-10361\" style=\"width:182px;height:auto\" srcset=\"http:\/\/www.jsgnordsuedcap.de\/wp-content\/uploads\/2025\/08\/14.jpg 394w, http:\/\/www.jsgnordsuedcap.de\/wp-content\/uploads\/2025\/08\/14-215x300.jpg 215w\" sizes=\"auto, (max-width: 394px) 100vw, 394px\" \/><\/a><\/figure>\n\n\n\n<p><br><strong>Simo Smuqi<\/strong> <strong>0176 61966187<\/strong><\/p>\n\n\n\n<figure class=\"wp-block-image size-full is-resized\"><a href=\"https:\/\/www.jsgnordsuedcap.de\/wp-content\/uploads\/2025\/08\/15.jpg\"><img loading=\"lazy\" decoding=\"async\" width=\"394\" height=\"551\" src=\"https:\/\/www.jsgnordsuedcap.de\/wp-content\/uploads\/2025\/08\/15.jpg\" alt=\"\" class=\"wp-image-10362\" style=\"width:182px;height:auto\" srcset=\"http:\/\/www.jsgnordsuedcap.de\/wp-content\/uploads\/2025\/08\/15.jpg 394w, http:\/\/www.jsgnordsuedcap.de\/wp-content\/uploads\/2025\/08\/15-215x300.jpg 215w\" sizes=\"auto, (max-width: 394px) 100vw, 394px\" \/><\/a><\/figure>\n\n\n\n<p><br><strong>Ben Frormann<br>Nico Goor<\/strong><br><br><\/p>\n\n\n\n<p>Wie in jedem Jahr ist die Neuaufstellung eines <strong>Minikickerteams<\/strong> immer eine herausfordernde Aufgabe: Trainer, Betreuer und vor allem <strong>Spieler:innen<\/strong> im passenden Alter m\u00fcssen gefunden werden. Hinzu kommt noch, dass vielen Beteiligten das Prozedere nicht bekannt ist und viele Fragen gekl\u00e4rt werden m\u00fcssen. F\u00fcr das neue Team werden also besonders Kinder des <strong>Jahrgangs 2020 <\/strong>gesucht. Kinder, die etwas j\u00fcnger oder \u00e4lter sind, k\u00f6nnen ebenfalls zu diesem unten genannten Training kommen, die anwesenden Mitglieder des JSG- Vorstandes werden dann in pers\u00f6nlichen Gespr\u00e4chen \u00fcber M\u00f6glichkeiten des \u201cEinstiegs\u201d beraten.<br><\/p>\n\n\n\n<p><\/p>\n","protected":false},"excerpt":{"rendered":"<p>(Jahrgang 2020) Teamfoto wird nachgereicht! Training:Mittwochs, 16:00 \u2013 17:30 Uhr, Capelle Trainer:R\u00fcdiger Willms 0175 4743404 Simo Smuqi 0176 61966187 Ben FrormannNico Goor Wie in jedem Jahr ist die Neuaufstellung eines Minikickerteams immer eine herausfordernde Aufgabe: Trainer, Betreuer und vor allem &hellip; <a href=\"http:\/\/www.jsgnordsuedcap.de\/?page_id=10055\">Weiterlesen <span class=\"meta-nav\">&rarr;<\/span><\/a><\/p>\n","protected":false},"author":4,"featured_media":0,"parent":0,"menu_order":0,"comment_status":"closed","ping_status":"closed","template":"","meta":{"om_disable_all_campaigns":false,"jetpack_post_was_ever_published":false,"footnotes":""},"class_list":["post-10055","page","type-page","status-publish","hentry"],"aioseo_notices":[],"jetpack_shortlink":"https:\/\/wp.me\/P4xSmw-2Cb","jetpack_sharing_enabled":true,"_links":{"self":[{"href":"http:\/\/www.jsgnordsuedcap.de\/index.php?rest_route=\/wp\/v2\/pages\/10055","targetHints":{"allow":["GET"]}}],"collection":[{"href":"http:\/\/www.jsgnordsuedcap.de\/index.php?rest_route=\/wp\/v2\/pages"}],"about":[{"href":"http:\/\/www.jsgnordsuedcap.de\/index.php?rest_route=\/wp\/v2\/types\/page"}],"author":[{"embeddable":true,"href":"http:\/\/www.jsgnordsuedcap.de\/index.php?rest_route=\/wp\/v2\/users\/4"}],"replies":[{"embeddable":true,"href":"http:\/\/www.jsgnordsuedcap.de\/index.php?rest_route=%2Fwp%2Fv2%2Fcomments&post=10055"}],"version-history":[{"count":5,"href":"http:\/\/www.jsgnordsuedcap.de\/index.php?rest_route=\/wp\/v2\/pages\/10055\/revisions"}],"predecessor-version":[{"id":10363,"href":"http:\/\/www.jsgnordsuedcap.de\/index.php?rest_route=\/wp\/v2\/pages\/10055\/revisions\/10363"}],"wp:attachment":[{"href":"http:\/\/www.jsgnordsuedcap.de\/index.php?rest_route=%2Fwp%2Fv2%2Fmedia&parent=10055"}],"curies":[{"name":"wp","href":"https:\/\/api.w.org\/{rel}","templated":true}]}}