{"id":10073,"date":"2025-06-04T11:09:32","date_gmt":"2025-06-04T09:09:32","guid":{"rendered":"https:\/\/www.jsgnordsuedcap.de\/?page_id=10073"},"modified":"2025-08-27T07:31:35","modified_gmt":"2025-08-27T05:31:35","slug":"u13-1-junioren","status":"publish","type":"page","link":"http:\/\/www.jsgnordsuedcap.de\/?page_id=10073","title":{"rendered":"U13.1- Junioren"},"content":{"rendered":"\n<p><strong>(Jahrgang 2013)<\/strong><\/p>\n\n\n\n<figure class=\"wp-block-image size-large\"><a href=\"https:\/\/www.jsgnordsuedcap.de\/wp-content\/uploads\/2025\/08\/IMG-20250821-WA0010.jpg\"><img loading=\"lazy\" decoding=\"async\" width=\"1024\" height=\"712\" src=\"https:\/\/www.jsgnordsuedcap.de\/wp-content\/uploads\/2025\/08\/IMG-20250821-WA0010-1024x712.jpg\" alt=\"\" class=\"wp-image-10324\" srcset=\"http:\/\/www.jsgnordsuedcap.de\/wp-content\/uploads\/2025\/08\/IMG-20250821-WA0010-1024x712.jpg 1024w, http:\/\/www.jsgnordsuedcap.de\/wp-content\/uploads\/2025\/08\/IMG-20250821-WA0010-300x209.jpg 300w, http:\/\/www.jsgnordsuedcap.de\/wp-content\/uploads\/2025\/08\/IMG-20250821-WA0010-768x534.jpg 768w, http:\/\/www.jsgnordsuedcap.de\/wp-content\/uploads\/2025\/08\/IMG-20250821-WA0010-1536x1068.jpg 1536w, http:\/\/www.jsgnordsuedcap.de\/wp-content\/uploads\/2025\/08\/IMG-20250821-WA0010.jpg 1600w\" sizes=\"auto, (max-width: 1024px) 100vw, 1024px\" \/><\/a><\/figure>\n\n\n\n<p><strong>Training:<br>Dienstags, 17:30 &#8211; 19:00 Uhr, S\u00fcdkirchen<br>Donnerstags, 17:30 &#8211; 19:00 Uhr, S\u00fcdkirchen<\/strong><br><strong>Freitags, 17:30 &#8211; 19:00 Uhr, Capelle<\/strong><\/p>\n\n\n\n<p><strong>Trainer:<\/strong><br><strong>Daniel Borleis 0151 22194510<\/strong><\/p>\n\n\n\n<figure class=\"wp-block-image size-full is-resized\"><a href=\"https:\/\/www.jsgnordsuedcap.de\/wp-content\/uploads\/2025\/08\/206.jpg\"><img loading=\"lazy\" decoding=\"async\" width=\"394\" height=\"551\" src=\"https:\/\/www.jsgnordsuedcap.de\/wp-content\/uploads\/2025\/08\/206.jpg\" alt=\"\" class=\"wp-image-10405\" style=\"width:193px;height:auto\" srcset=\"http:\/\/www.jsgnordsuedcap.de\/wp-content\/uploads\/2025\/08\/206.jpg 394w, http:\/\/www.jsgnordsuedcap.de\/wp-content\/uploads\/2025\/08\/206-215x300.jpg 215w\" sizes=\"auto, (max-width: 394px) 100vw, 394px\" \/><\/a><\/figure>\n\n\n\n<p><strong>Mario B\u00e4umer<\/strong> <strong>0176 42134182<\/strong><\/p>\n\n\n\n<figure class=\"wp-block-image size-full is-resized\"><a href=\"https:\/\/www.jsgnordsuedcap.de\/wp-content\/uploads\/2025\/08\/207.jpg\"><img loading=\"lazy\" decoding=\"async\" width=\"394\" height=\"551\" src=\"https:\/\/www.jsgnordsuedcap.de\/wp-content\/uploads\/2025\/08\/207.jpg\" alt=\"\" class=\"wp-image-10403\" style=\"width:192px;height:auto\" srcset=\"http:\/\/www.jsgnordsuedcap.de\/wp-content\/uploads\/2025\/08\/207.jpg 394w, http:\/\/www.jsgnordsuedcap.de\/wp-content\/uploads\/2025\/08\/207-215x300.jpg 215w\" sizes=\"auto, (max-width: 394px) 100vw, 394px\" \/><\/a><\/figure>\n\n\n\n<p><strong>Helmut Schulz     <strong>0177 1694416<\/strong><\/strong><\/p>\n\n\n\n<figure class=\"wp-block-image size-full is-resized\"><a href=\"https:\/\/www.jsgnordsuedcap.de\/wp-content\/uploads\/2025\/08\/208.jpg\"><img loading=\"lazy\" decoding=\"async\" width=\"394\" height=\"551\" src=\"https:\/\/www.jsgnordsuedcap.de\/wp-content\/uploads\/2025\/08\/208.jpg\" alt=\"\" class=\"wp-image-10404\" style=\"width:189px;height:auto\" srcset=\"http:\/\/www.jsgnordsuedcap.de\/wp-content\/uploads\/2025\/08\/208.jpg 394w, http:\/\/www.jsgnordsuedcap.de\/wp-content\/uploads\/2025\/08\/208-215x300.jpg 215w\" sizes=\"auto, (max-width: 394px) 100vw, 394px\" \/><\/a><\/figure>\n\n\n\n<p><strong>Torwarttrainer<\/strong><br><strong>Thorsten \u00dcbleis 0176 97898789<\/strong><\/p>\n\n\n\n<figure class=\"wp-block-image size-full is-resized\"><a href=\"https:\/\/www.jsgnordsuedcap.de\/wp-content\/uploads\/2025\/08\/209.jpg\"><img loading=\"lazy\" decoding=\"async\" width=\"394\" height=\"551\" src=\"https:\/\/www.jsgnordsuedcap.de\/wp-content\/uploads\/2025\/08\/209.jpg\" alt=\"\" class=\"wp-image-10406\" style=\"width:190px;height:auto\" srcset=\"http:\/\/www.jsgnordsuedcap.de\/wp-content\/uploads\/2025\/08\/209.jpg 394w, http:\/\/www.jsgnordsuedcap.de\/wp-content\/uploads\/2025\/08\/209-215x300.jpg 215w\" sizes=\"auto, (max-width: 394px) 100vw, 394px\" \/><\/a><\/figure>\n\n\n\n<p class=\"has-text-align-center\"><strong>News:<\/strong><\/p>\n\n\n\n<p><\/p>\n","protected":false},"excerpt":{"rendered":"<p>(Jahrgang 2013) Training:Dienstags, 17:30 &#8211; 19:00 Uhr, S\u00fcdkirchenDonnerstags, 17:30 &#8211; 19:00 Uhr, S\u00fcdkirchenFreitags, 17:30 &#8211; 19:00 Uhr, Capelle Trainer:Daniel Borleis 0151 22194510 Mario B\u00e4umer 0176 42134182 Helmut Schulz 0177 1694416 TorwarttrainerThorsten \u00dcbleis 0176 97898789 News:<\/p>\n","protected":false},"author":4,"featured_media":0,"parent":0,"menu_order":0,"comment_status":"closed","ping_status":"closed","template":"","meta":{"om_disable_all_campaigns":false,"jetpack_post_was_ever_published":false,"footnotes":""},"class_list":["post-10073","page","type-page","status-publish","hentry"],"aioseo_notices":[],"jetpack_shortlink":"https:\/\/wp.me\/P4xSmw-2Ct","jetpack_sharing_enabled":true,"_links":{"self":[{"href":"http:\/\/www.jsgnordsuedcap.de\/index.php?rest_route=\/wp\/v2\/pages\/10073","targetHints":{"allow":["GET"]}}],"collection":[{"href":"http:\/\/www.jsgnordsuedcap.de\/index.php?rest_route=\/wp\/v2\/pages"}],"about":[{"href":"http:\/\/www.jsgnordsuedcap.de\/index.php?rest_route=\/wp\/v2\/types\/page"}],"author":[{"embeddable":true,"href":"http:\/\/www.jsgnordsuedcap.de\/index.php?rest_route=\/wp\/v2\/users\/4"}],"replies":[{"embeddable":true,"href":"http:\/\/www.jsgnordsuedcap.de\/index.php?rest_route=%2Fwp%2Fv2%2Fcomments&post=10073"}],"version-history":[{"count":8,"href":"http:\/\/www.jsgnordsuedcap.de\/index.php?rest_route=\/wp\/v2\/pages\/10073\/revisions"}],"predecessor-version":[{"id":10446,"href":"http:\/\/www.jsgnordsuedcap.de\/index.php?rest_route=\/wp\/v2\/pages\/10073\/revisions\/10446"}],"wp:attachment":[{"href":"http:\/\/www.jsgnordsuedcap.de\/index.php?rest_route=%2Fwp%2Fv2%2Fmedia&parent=10073"}],"curies":[{"name":"wp","href":"https:\/\/api.w.org\/{rel}","templated":true}]}}