{"id":10086,"date":"2025-06-04T11:18:49","date_gmt":"2025-06-04T09:18:49","guid":{"rendered":"https:\/\/www.jsgnordsuedcap.de\/?page_id=10086"},"modified":"2025-09-29T11:32:24","modified_gmt":"2025-09-29T09:32:24","slug":"u19-junioren","status":"publish","type":"page","link":"http:\/\/www.jsgnordsuedcap.de\/?page_id=10086","title":{"rendered":"U19- Junioren"},"content":{"rendered":"\n<p><strong>(Jahrgang 2005\/2006)<\/strong><\/p>\n\n\n\n<p>Zur Saison 2025\/2026 hatten wir eine Kooperation in diesem Bereich mit der <strong>SG Selm <\/strong>vereinbart. Leider musste die Mannschaft aufgrund verschiedener Ursachen bereits nach einigen Wochen wieder abgemeldet werden. Dies ist nat\u00fcrlich \u00e4u\u00dferst bedauerlich f\u00fcr alle Beteiligten. Bei weiteren Fragen steht <strong>Ingo Schock <\/strong> unter  <strong>0176 78144399<\/strong> zur Verf\u00fcgung.<\/p>\n\n\n\n<p><\/p>\n","protected":false},"excerpt":{"rendered":"<p>(Jahrgang 2005\/2006) Zur Saison 2025\/2026 hatten wir eine Kooperation in diesem Bereich mit der SG Selm vereinbart. Leider musste die Mannschaft aufgrund verschiedener Ursachen bereits nach einigen Wochen wieder abgemeldet werden. Dies ist nat\u00fcrlich \u00e4u\u00dferst bedauerlich f\u00fcr alle Beteiligten. Bei &hellip; <a href=\"http:\/\/www.jsgnordsuedcap.de\/?page_id=10086\">Weiterlesen <span class=\"meta-nav\">&rarr;<\/span><\/a><\/p>\n","protected":false},"author":4,"featured_media":0,"parent":0,"menu_order":0,"comment_status":"closed","ping_status":"closed","template":"","meta":{"om_disable_all_campaigns":false,"jetpack_post_was_ever_published":false,"footnotes":""},"class_list":["post-10086","page","type-page","status-publish","hentry"],"aioseo_notices":[],"jetpack_shortlink":"https:\/\/wp.me\/P4xSmw-2CG","jetpack_sharing_enabled":true,"_links":{"self":[{"href":"http:\/\/www.jsgnordsuedcap.de\/index.php?rest_route=\/wp\/v2\/pages\/10086","targetHints":{"allow":["GET"]}}],"collection":[{"href":"http:\/\/www.jsgnordsuedcap.de\/index.php?rest_route=\/wp\/v2\/pages"}],"about":[{"href":"http:\/\/www.jsgnordsuedcap.de\/index.php?rest_route=\/wp\/v2\/types\/page"}],"author":[{"embeddable":true,"href":"http:\/\/www.jsgnordsuedcap.de\/index.php?rest_route=\/wp\/v2\/users\/4"}],"replies":[{"embeddable":true,"href":"http:\/\/www.jsgnordsuedcap.de\/index.php?rest_route=%2Fwp%2Fv2%2Fcomments&post=10086"}],"version-history":[{"count":4,"href":"http:\/\/www.jsgnordsuedcap.de\/index.php?rest_route=\/wp\/v2\/pages\/10086\/revisions"}],"predecessor-version":[{"id":10694,"href":"http:\/\/www.jsgnordsuedcap.de\/index.php?rest_route=\/wp\/v2\/pages\/10086\/revisions\/10694"}],"wp:attachment":[{"href":"http:\/\/www.jsgnordsuedcap.de\/index.php?rest_route=%2Fwp%2Fv2%2Fmedia&parent=10086"}],"curies":[{"name":"wp","href":"https:\/\/api.w.org\/{rel}","templated":true}]}}