{"id":10088,"date":"2025-06-04T11:14:58","date_gmt":"2025-06-04T09:14:58","guid":{"rendered":"https:\/\/www.jsgnordsuedcap.de\/?page_id=10088"},"modified":"2025-10-02T13:29:44","modified_gmt":"2025-10-02T11:29:44","slug":"u11-juniorinnen-2","status":"publish","type":"page","link":"http:\/\/www.jsgnordsuedcap.de\/?page_id=10088","title":{"rendered":"U11.1\/2 &#8211; Juniorinnen"},"content":{"rendered":"\n<p><strong>(Jahrgang 2015-2017)<\/strong><\/p>\n\n\n\n<figure class=\"wp-block-image size-large\"><a href=\"https:\/\/www.jsgnordsuedcap.de\/wp-content\/uploads\/2025\/08\/IMG-20250821-WA0011.jpg\"><img loading=\"lazy\" decoding=\"async\" width=\"1024\" height=\"755\" src=\"https:\/\/www.jsgnordsuedcap.de\/wp-content\/uploads\/2025\/08\/IMG-20250821-WA0011-1024x755.jpg\" alt=\"\" class=\"wp-image-10318\" srcset=\"http:\/\/www.jsgnordsuedcap.de\/wp-content\/uploads\/2025\/08\/IMG-20250821-WA0011-1024x755.jpg 1024w, http:\/\/www.jsgnordsuedcap.de\/wp-content\/uploads\/2025\/08\/IMG-20250821-WA0011-300x221.jpg 300w, http:\/\/www.jsgnordsuedcap.de\/wp-content\/uploads\/2025\/08\/IMG-20250821-WA0011-768x566.jpg 768w, http:\/\/www.jsgnordsuedcap.de\/wp-content\/uploads\/2025\/08\/IMG-20250821-WA0011-1536x1133.jpg 1536w, http:\/\/www.jsgnordsuedcap.de\/wp-content\/uploads\/2025\/08\/IMG-20250821-WA0011.jpg 1600w\" sizes=\"auto, (max-width: 1024px) 100vw, 1024px\" \/><\/a><\/figure>\n\n\n\n<p><strong>Training:<\/strong><br><strong>Montags, 16:45 &#8211; 18:15 Uhr, S\u00fcdkirchen<br>Mittwochs, 17:30 &#8211; 19:00 Uhr, S\u00fcdkirchen<\/strong><br><br><strong>Trainer:innen:<br>Daniela Steins     0163 9090643<\/strong><\/p>\n\n\n\n<figure class=\"wp-block-image size-full is-resized\"><a href=\"https:\/\/www.jsgnordsuedcap.de\/wp-content\/uploads\/2025\/08\/134.jpg\"><img loading=\"lazy\" decoding=\"async\" width=\"394\" height=\"551\" src=\"https:\/\/www.jsgnordsuedcap.de\/wp-content\/uploads\/2025\/08\/134.jpg\" alt=\"\" class=\"wp-image-10390\" style=\"width:192px;height:auto\" srcset=\"http:\/\/www.jsgnordsuedcap.de\/wp-content\/uploads\/2025\/08\/134.jpg 394w, http:\/\/www.jsgnordsuedcap.de\/wp-content\/uploads\/2025\/08\/134-215x300.jpg 215w\" sizes=\"auto, (max-width: 394px) 100vw, 394px\" \/><\/a><\/figure>\n\n\n\n<p><strong>Sabrina Albers     0157 34639682<\/strong><\/p>\n\n\n\n<figure class=\"wp-block-image size-full is-resized\"><a href=\"https:\/\/www.jsgnordsuedcap.de\/wp-content\/uploads\/2025\/08\/135.jpg\"><img loading=\"lazy\" decoding=\"async\" width=\"394\" height=\"551\" src=\"https:\/\/www.jsgnordsuedcap.de\/wp-content\/uploads\/2025\/08\/135.jpg\" alt=\"\" class=\"wp-image-10392\" style=\"width:190px;height:auto\" srcset=\"http:\/\/www.jsgnordsuedcap.de\/wp-content\/uploads\/2025\/08\/135.jpg 394w, http:\/\/www.jsgnordsuedcap.de\/wp-content\/uploads\/2025\/08\/135-215x300.jpg 215w\" sizes=\"auto, (max-width: 394px) 100vw, 394px\" \/><\/a><\/figure>\n\n\n\n<p><strong>Jill Vollmert     0176 66651026<\/strong><\/p>\n\n\n\n<figure class=\"wp-block-image size-full is-resized\"><a href=\"https:\/\/www.jsgnordsuedcap.de\/wp-content\/uploads\/2025\/08\/133.jpg\"><img loading=\"lazy\" decoding=\"async\" width=\"394\" height=\"551\" src=\"https:\/\/www.jsgnordsuedcap.de\/wp-content\/uploads\/2025\/08\/133.jpg\" alt=\"\" class=\"wp-image-10393\" style=\"width:188px;height:auto\" srcset=\"http:\/\/www.jsgnordsuedcap.de\/wp-content\/uploads\/2025\/08\/133.jpg 394w, http:\/\/www.jsgnordsuedcap.de\/wp-content\/uploads\/2025\/08\/133-215x300.jpg 215w\" sizes=\"auto, (max-width: 394px) 100vw, 394px\" \/><\/a><\/figure>\n\n\n\n<p><strong>Max N\u00f6lken<\/strong><\/p>\n\n\n\n<figure class=\"wp-block-image size-full is-resized\"><a href=\"https:\/\/www.jsgnordsuedcap.de\/wp-content\/uploads\/2025\/08\/136.jpg\"><img loading=\"lazy\" decoding=\"async\" width=\"394\" height=\"551\" src=\"https:\/\/www.jsgnordsuedcap.de\/wp-content\/uploads\/2025\/08\/136.jpg\" alt=\"\" class=\"wp-image-10394\" style=\"width:192px;height:auto\" srcset=\"http:\/\/www.jsgnordsuedcap.de\/wp-content\/uploads\/2025\/08\/136.jpg 394w, http:\/\/www.jsgnordsuedcap.de\/wp-content\/uploads\/2025\/08\/136-215x300.jpg 215w\" sizes=\"auto, (max-width: 394px) 100vw, 394px\" \/><\/a><\/figure>\n\n\n\n<p><br><strong>Lennard Hapke<\/strong><br><strong>Sabrina Gloor<br>Lotta K\u00f6nig<\/strong><\/p>\n\n\n\n<p><\/p>\n\n\n\n<p class=\"has-text-align-center\"><strong>News<\/strong><\/p>\n\n\n\n<p><\/p>\n","protected":false},"excerpt":{"rendered":"<p>(Jahrgang 2015-2017) Training:Montags, 16:45 &#8211; 18:15 Uhr, S\u00fcdkirchenMittwochs, 17:30 &#8211; 19:00 Uhr, S\u00fcdkirchen Trainer:innen:Daniela Steins 0163 9090643 Sabrina Albers 0157 34639682 Jill Vollmert 0176 66651026 Max N\u00f6lken Lennard HapkeSabrina GloorLotta K\u00f6nig News<\/p>\n","protected":false},"author":4,"featured_media":0,"parent":0,"menu_order":0,"comment_status":"closed","ping_status":"closed","template":"","meta":{"om_disable_all_campaigns":false,"jetpack_post_was_ever_published":false,"footnotes":""},"class_list":["post-10088","page","type-page","status-publish","hentry"],"aioseo_notices":[],"jetpack_shortlink":"https:\/\/wp.me\/P4xSmw-2CI","jetpack_sharing_enabled":true,"_links":{"self":[{"href":"http:\/\/www.jsgnordsuedcap.de\/index.php?rest_route=\/wp\/v2\/pages\/10088","targetHints":{"allow":["GET"]}}],"collection":[{"href":"http:\/\/www.jsgnordsuedcap.de\/index.php?rest_route=\/wp\/v2\/pages"}],"about":[{"href":"http:\/\/www.jsgnordsuedcap.de\/index.php?rest_route=\/wp\/v2\/types\/page"}],"author":[{"embeddable":true,"href":"http:\/\/www.jsgnordsuedcap.de\/index.php?rest_route=\/wp\/v2\/users\/4"}],"replies":[{"embeddable":true,"href":"http:\/\/www.jsgnordsuedcap.de\/index.php?rest_route=%2Fwp%2Fv2%2Fcomments&post=10088"}],"version-history":[{"count":9,"href":"http:\/\/www.jsgnordsuedcap.de\/index.php?rest_route=\/wp\/v2\/pages\/10088\/revisions"}],"predecessor-version":[{"id":10518,"href":"http:\/\/www.jsgnordsuedcap.de\/index.php?rest_route=\/wp\/v2\/pages\/10088\/revisions\/10518"}],"wp:attachment":[{"href":"http:\/\/www.jsgnordsuedcap.de\/index.php?rest_route=%2Fwp%2Fv2%2Fmedia&parent=10088"}],"curies":[{"name":"wp","href":"https:\/\/api.w.org\/{rel}","templated":true}]}}