{"id":10090,"date":"2025-06-04T11:05:16","date_gmt":"2025-06-04T09:05:16","guid":{"rendered":"https:\/\/www.jsgnordsuedcap.de\/?page_id=10090"},"modified":"2026-03-16T18:17:53","modified_gmt":"2026-03-16T17:17:53","slug":"u13-juniorinnen-2","status":"publish","type":"page","link":"http:\/\/www.jsgnordsuedcap.de\/?page_id=10090","title":{"rendered":"U13- Juniorinnen"},"content":{"rendered":"\n<p><strong>(Jahrgang 2012\/2013)<\/strong><\/p>\n\n\n\n<figure class=\"wp-block-image size-large\"><a href=\"https:\/\/www.jsgnordsuedcap.de\/wp-content\/uploads\/2025\/08\/IMG-20250821-WA0006.jpg\"><img loading=\"lazy\" decoding=\"async\" width=\"1024\" height=\"731\" src=\"https:\/\/www.jsgnordsuedcap.de\/wp-content\/uploads\/2025\/08\/IMG-20250821-WA0006-1024x731.jpg\" alt=\"\" class=\"wp-image-10322\" srcset=\"http:\/\/www.jsgnordsuedcap.de\/wp-content\/uploads\/2025\/08\/IMG-20250821-WA0006-1024x731.jpg 1024w, http:\/\/www.jsgnordsuedcap.de\/wp-content\/uploads\/2025\/08\/IMG-20250821-WA0006-300x214.jpg 300w, http:\/\/www.jsgnordsuedcap.de\/wp-content\/uploads\/2025\/08\/IMG-20250821-WA0006-768x548.jpg 768w, http:\/\/www.jsgnordsuedcap.de\/wp-content\/uploads\/2025\/08\/IMG-20250821-WA0006-1536x1096.jpg 1536w, http:\/\/www.jsgnordsuedcap.de\/wp-content\/uploads\/2025\/08\/IMG-20250821-WA0006.jpg 1600w\" sizes=\"auto, (max-width: 1024px) 100vw, 1024px\" \/><\/a><\/figure>\n\n\n\n<p><strong>Training<\/strong>:<br><strong>Montags und Mittwochs, <\/strong><br><strong>17:30 &#8211; 19:00  Uhr, S\u00fcdkirchen<\/strong><br><br><strong>Trainer:innen:<\/strong><br><strong>Conny N\u00f6lken<\/strong> <strong>0151 61037589<\/strong><\/p>\n\n\n\n<figure class=\"wp-block-image size-full is-resized\"><a href=\"https:\/\/www.jsgnordsuedcap.de\/wp-content\/uploads\/2025\/08\/185.jpg\"><img loading=\"lazy\" decoding=\"async\" width=\"394\" height=\"551\" src=\"https:\/\/www.jsgnordsuedcap.de\/wp-content\/uploads\/2025\/08\/185.jpg\" alt=\"\" class=\"wp-image-10397\" style=\"width:189px;height:auto\" srcset=\"http:\/\/www.jsgnordsuedcap.de\/wp-content\/uploads\/2025\/08\/185.jpg 394w, http:\/\/www.jsgnordsuedcap.de\/wp-content\/uploads\/2025\/08\/185-215x300.jpg 215w\" sizes=\"auto, (max-width: 394px) 100vw, 394px\" \/><\/a><\/figure>\n\n\n\n<p><strong>Emma B\u00f6cker  0176 34326808<\/strong><\/p>\n\n\n\n<figure class=\"wp-block-image size-full is-resized\"><a href=\"https:\/\/www.jsgnordsuedcap.de\/wp-content\/uploads\/2025\/08\/186.jpg\"><img loading=\"lazy\" decoding=\"async\" width=\"394\" height=\"551\" src=\"https:\/\/www.jsgnordsuedcap.de\/wp-content\/uploads\/2025\/08\/186.jpg\" alt=\"\" class=\"wp-image-10400\" style=\"width:192px;height:auto\" srcset=\"http:\/\/www.jsgnordsuedcap.de\/wp-content\/uploads\/2025\/08\/186.jpg 394w, http:\/\/www.jsgnordsuedcap.de\/wp-content\/uploads\/2025\/08\/186-215x300.jpg 215w\" sizes=\"auto, (max-width: 394px) 100vw, 394px\" \/><\/a><\/figure>\n\n\n\n<p><strong>Christina Pa\u00dfmann 0162 2666450<\/strong><\/p>\n\n\n\n<figure class=\"wp-block-image size-full is-resized\"><a href=\"https:\/\/www.jsgnordsuedcap.de\/wp-content\/uploads\/2025\/08\/187.jpg\"><img loading=\"lazy\" decoding=\"async\" width=\"394\" height=\"551\" src=\"https:\/\/www.jsgnordsuedcap.de\/wp-content\/uploads\/2025\/08\/187.jpg\" alt=\"\" class=\"wp-image-10398\" style=\"width:192px;height:auto\" srcset=\"http:\/\/www.jsgnordsuedcap.de\/wp-content\/uploads\/2025\/08\/187.jpg 394w, http:\/\/www.jsgnordsuedcap.de\/wp-content\/uploads\/2025\/08\/187-215x300.jpg 215w\" sizes=\"auto, (max-width: 394px) 100vw, 394px\" \/><\/a><\/figure>\n\n\n\n<p><strong>Till Holtermann <\/strong><\/p>\n\n\n\n<figure class=\"wp-block-image size-full is-resized\"><a href=\"https:\/\/www.jsgnordsuedcap.de\/wp-content\/uploads\/2025\/08\/188.jpg\"><img loading=\"lazy\" decoding=\"async\" width=\"394\" height=\"551\" src=\"https:\/\/www.jsgnordsuedcap.de\/wp-content\/uploads\/2025\/08\/188.jpg\" alt=\"\" class=\"wp-image-10399\" style=\"width:192px;height:auto\" srcset=\"http:\/\/www.jsgnordsuedcap.de\/wp-content\/uploads\/2025\/08\/188.jpg 394w, http:\/\/www.jsgnordsuedcap.de\/wp-content\/uploads\/2025\/08\/188-215x300.jpg 215w\" sizes=\"auto, (max-width: 394px) 100vw, 394px\" \/><\/a><\/figure>\n\n\n\n<p class=\"has-text-align-center\"><strong>News<\/strong><\/p>\n\n\n\n<p><\/p>\n","protected":false},"excerpt":{"rendered":"<p>(Jahrgang 2012\/2013) Training:Montags und Mittwochs, 17:30 &#8211; 19:00 Uhr, S\u00fcdkirchen Trainer:innen:Conny N\u00f6lken 0151 61037589 Emma B\u00f6cker 0176 34326808 Christina Pa\u00dfmann 0162 2666450 Till Holtermann News<\/p>\n","protected":false},"author":4,"featured_media":0,"parent":0,"menu_order":0,"comment_status":"closed","ping_status":"closed","template":"","meta":{"om_disable_all_campaigns":false,"jetpack_post_was_ever_published":false,"footnotes":""},"class_list":["post-10090","page","type-page","status-publish","hentry"],"aioseo_notices":[],"jetpack_shortlink":"https:\/\/wp.me\/P4xSmw-2CK","jetpack_sharing_enabled":true,"_links":{"self":[{"href":"http:\/\/www.jsgnordsuedcap.de\/index.php?rest_route=\/wp\/v2\/pages\/10090","targetHints":{"allow":["GET"]}}],"collection":[{"href":"http:\/\/www.jsgnordsuedcap.de\/index.php?rest_route=\/wp\/v2\/pages"}],"about":[{"href":"http:\/\/www.jsgnordsuedcap.de\/index.php?rest_route=\/wp\/v2\/types\/page"}],"author":[{"embeddable":true,"href":"http:\/\/www.jsgnordsuedcap.de\/index.php?rest_route=\/wp\/v2\/users\/4"}],"replies":[{"embeddable":true,"href":"http:\/\/www.jsgnordsuedcap.de\/index.php?rest_route=%2Fwp%2Fv2%2Fcomments&post=10090"}],"version-history":[{"count":7,"href":"http:\/\/www.jsgnordsuedcap.de\/index.php?rest_route=\/wp\/v2\/pages\/10090\/revisions"}],"predecessor-version":[{"id":10709,"href":"http:\/\/www.jsgnordsuedcap.de\/index.php?rest_route=\/wp\/v2\/pages\/10090\/revisions\/10709"}],"wp:attachment":[{"href":"http:\/\/www.jsgnordsuedcap.de\/index.php?rest_route=%2Fwp%2Fv2%2Fmedia&parent=10090"}],"curies":[{"name":"wp","href":"https:\/\/api.w.org\/{rel}","templated":true}]}}