{"id":8618,"date":"2023-08-31T17:32:32","date_gmt":"2023-08-31T15:32:32","guid":{"rendered":"http:\/\/www.jsgnordsuedcap.de\/?page_id=8618"},"modified":"2023-09-06T11:00:19","modified_gmt":"2023-09-06T09:00:19","slug":"sportstaetten","status":"publish","type":"page","link":"http:\/\/www.jsgnordsuedcap.de\/?page_id=8618","title":{"rendered":"Sportst\u00e4tten"},"content":{"rendered":"\n<p><\/p>\n\n\n\n<p>Die Teams der<strong> JSG<\/strong> <strong>NordS\u00fcdCap<\/strong> k\u00f6nnen auf <strong>drei<\/strong> attraktive Fu\u00dfballstadien f\u00fcr ihren Trainings- und Spielbetrieb zugreifen. Das ist einerseits ein gro\u00dfer Vorteil, kann aber auch zu verwirrenden Situationen f\u00fchren. Daher m\u00f6chten wir Ihnen hier unsere verschiedenen &#8220;Spiel- und Trainingsorte&#8221; pr\u00e4sentieren. Auch der aktuelle <a href=\"http:\/\/www.jsgnordsuedcap.de\/?page_id=8548\" target=\"_blank\" rel=\"noopener\" title=\"\">Trainingsplan<\/a> (Men\u00fc) kann zur Orientierung dienen.<\/p>\n\n\n\n<p><span style=\"text-decoration: underline;\"><strong>Fu\u00dfballpl\u00e4tze<\/strong><\/span><\/p>\n\n\n\n<p><strong>Nordkirchen<\/strong><\/p>\n\n\n\n<p><strong><em><a href=\"https:\/\/www.google.de\/maps\/place\/FC+Nordkirchen+1926+e.V.\/@51.7350061,7.5332839,15.54z\/data=!4m6!3m5!1s0x47b907d46fd60087:0x513b3cef85a1544c!8m2!3d51.73561!4d7.53554!16s%2Fg%2F1tdltcdq?hl=de&amp;entry=ttu\" target=\"_blank\" rel=\"noopener\" title=\"\">Platzanlage bei GoogleMaps &#8211; Hier Klicken!<\/a><\/em><\/strong><\/p>\n\n\n\n<p><strong>Anschrift: Am Scho\u00dfpark 3, 59394 Nordkirchen<\/strong><\/p>\n\n\n\n<p>Das gr\u00f6\u00dfte Sportgel\u00e4nde befindet sich im Ortsteil Nordkirchen, in unmittelbarer N\u00e4he zum bekannten &#8220;<strong><a href=\"http:\/\/www.schloss.nordkirchen.net\/\" target=\"_blank\" rel=\"noopener\" title=\"\">Westf\u00e4lischen Versailles<\/a><\/strong>&#8220;. Mit einem Kunstrasen- sowie einem Naturrasenplatz bietet es viele M\u00f6glichkeiten f\u00fcr den Trainings- und Spielbetrieb. Daneben befindet sich noch ein Bolzplatz, der ebenfalls als Ausweichm\u00f6glichkeit genutzt werden kann. Hier ist die Heimat des <a href=\"https:\/\/fc-nordkirchen.de\/\" target=\"_blank\" rel=\"noopener\" title=\"\"><strong>FC Nordkirchen<\/strong> <strong>1926<\/strong><\/a>, der mit drei Seniorenteams, einem Damenteam sowie verschiedener AltenHerrenmannschaften breit aufgestellt ist.<br>Demn\u00e4chst wird mit dem Bau neuer Umkleidekabinen sowie eines Clubheims begonnen, damit auch die Geb\u00e4ude den zeitgem\u00e4\u00dfen Anspr\u00fcchen gen\u00fcgen. <\/p>\n\n\n\n<p><strong><span style=\"text-decoration: underline;\">S\u00fcdkirchen<\/span><\/strong><\/p>\n\n\n\n<p><strong>Anschrift: Friedhofsweg 7, 59394 Nordkirchen<\/strong><\/p>\n\n\n\n<p><strong><em><a href=\"https:\/\/www.google.de\/maps\/place\/Sportverein+1926+S%C3%BCdkirchen\/@51.7133259,7.5378949,17z\/data=!3m1!4b1!4m6!3m5!1s0x47b908bea0e619bf:0x56692480aefb179d!8m2!3d51.7133259!4d7.5404698!16s%2Fg%2F1ttdm255?hl=de&amp;entry=ttu\" target=\"_blank\" rel=\"noopener\" title=\"\">Platzanlage bei GoogleMaps &#8211; Hier Klicken!<\/a><\/em><\/strong><\/p>\n\n\n\n<figure class=\"wp-block-image size-full is-resized\"><a href=\"http:\/\/www.jsgnordsuedcap.de\/wp-content\/uploads\/2023\/08\/SV-Suedkirchen-Slide-n1-1.jpg\"><img loading=\"lazy\" decoding=\"async\" src=\"http:\/\/www.jsgnordsuedcap.de\/wp-content\/uploads\/2023\/08\/SV-Suedkirchen-Slide-n1-1.jpg\" alt=\"\" class=\"wp-image-8642\" width=\"391\" height=\"222\" srcset=\"http:\/\/www.jsgnordsuedcap.de\/wp-content\/uploads\/2023\/08\/SV-Suedkirchen-Slide-n1-1.jpg 815w, http:\/\/www.jsgnordsuedcap.de\/wp-content\/uploads\/2023\/08\/SV-Suedkirchen-Slide-n1-1-300x171.jpg 300w, http:\/\/www.jsgnordsuedcap.de\/wp-content\/uploads\/2023\/08\/SV-Suedkirchen-Slide-n1-1-768x437.jpg 768w\" sizes=\"auto, (max-width: 391px) 100vw, 391px\" \/><\/a><\/figure>\n\n\n\n<p>Der <strong><a href=\"https:\/\/www.sv-suedkirchen.de\/\" target=\"_blank\" rel=\"noopener\" title=\"\">SV 26 S\u00fcdkirchen<\/a><\/strong> ist am sogenannten &#8220;B\u00f6ckenbusch&#8221; in S\u00fcdkirchen zuhause. Dort befindet sich ein Kunstrasenplatz sowie ein Bolzplatz, der als Ausweichm\u00f6glichkeit dient. Mit 2 Seniorenteams, einem Damenteam sowie einigen AlteHerrenmannschaften tr\u00e4gt der SV hier seine Heimspiele aus. Im gem\u00fctlichen Clubheim, das in den 90er- Jahren in Eigeninitiative  errichtet wurde, finden regelm\u00e4\u00dfig vereinsinterne Feiern statt. <br><\/p>\n\n\n\n<p><strong><span style=\"text-decoration: underline;\">Capelle<\/span><\/strong><\/p>\n\n\n\n<p><strong>Anschrift: Gorfeldstra\u00dfe 25, 59394 Nordkirchen<\/strong><\/p>\n\n\n\n<p><strong><em><a href=\"https:\/\/www.google.de\/maps\/search\/sc+capelle\/@51.73161,7.5893663,16z\/data=!3m1!4b1?hl=de&amp;entry=ttu\" target=\"_blank\" rel=\"noopener\" title=\"\">Platzanlage bei GoogleMaps &#8211; Hier Klicken!<\/a><\/em><\/strong><\/p>\n\n\n\n<p>Im Ortsteil Capelle befindet sich die 3. Platzanlage. Ein gut gepflegter Naturrasenplatz, sowie ebenfalls ein kleiner Naturrasen- Bolzplatz! Hier stehen aktuell umfangreiche Bauma\u00dfnahmen an. Neben dem Bau eines neuen Clubheims (gebaut in 3D- Technik) soll auch ein Kunstrasenplatz entstehen. Beim <strong><a href=\"http:\/\/www.scc71.de\/\" target=\"_blank\" rel=\"noopener\" title=\"\">SC Capelle 71<\/a><\/strong> sind zwei Seniorenteams sowie AlteHerrenmannschaften aktiv. Auch hier steht allen Teams ein gro\u00dfes Clubheim zur Verf\u00fcgung.<\/p>\n\n\n\n<p><strong><span style=\"text-decoration: underline;\">Sporthallen<\/span><\/strong><\/p>\n\n\n\n<p>Neben den Trainingsm\u00f6glichkeiten drau\u00dfen, kann die <strong>JSG<\/strong> auf <strong>mehrere<\/strong> Sporthallen zugreifen. Damit sind die Teams auch im Winter gut aufgehoben, wenn zb durch Eis und Schnee ansonsten das Training ausfallen m\u00fcsste. <\/p>\n\n\n\n<p><strong><span style=\"text-decoration: underline;\">Nordkirchen<\/span><\/strong><\/p>\n\n\n\n<p><strong>Halle der <a href=\"https:\/\/www.gesamtschule-nordkirchen.de\/index.php?id=304\" target=\"_blank\" rel=\"noopener\" title=\"\">Johann- Conrad- Schlaun Schule<\/a><\/strong><\/p>\n\n\n\n<p><strong>Anschrift: Am Gorbach 4, 59394 Nordkirchen<\/strong><\/p>\n\n\n\n<p>In dieser Zweifach- Sporthalle, die auch \u00fcber eine gro\u00dfe Zuschauertrib\u00fcne verf\u00fcgt, haben die <strong>JSG<\/strong> Teams hervorragende Trainingsm\u00f6glichkeiten. Auch f\u00fcr <strong>Hallenturniere<\/strong> ist dieser Ort gut geeignet. Im Eingangsbereich k\u00f6nnen die Organisatoren verschiedene Speisen und Getr\u00e4nke anbieten, damit auch die Zuschauer eines Turniers bestens versorgt sind. Vor einigen Jahren ist zus\u00e4tzlich noch eine weitere kleinere Halle angebaut worden, die ebenfalls genutzt werden kann.<\/p>\n\n\n\n<p><strong><span style=\"text-decoration: underline;\">S\u00fcdkirchen<\/span><\/strong><\/p>\n\n\n\n<p><strong>Halle der <a href=\"https:\/\/www.grundschulverbund-nordkirchen.de\/de\/unsere-schule\/grundschulverbund\" target=\"_blank\" rel=\"noopener\" title=\"\">Grundschule S\u00fcdkirchen<\/a><\/strong><\/p>\n\n\n\n<p><strong>Anschrift: Hauptstra\u00dfe 9, 59394 Nordkirchen (Ortsteil S\u00fcdkirchen)<\/strong><\/p>\n\n\n\n<p><strong><em><a href=\"https:\/\/www.google.com\/maps\/place\/Kath.+Grundschule+S%C3%BCdkirchen\/@51.7097578,7.5475559,17.58z\/data=!4m6!3m5!1s0x47b908c74805a607:0xd4cc13cadd23168e!8m2!3d51.7098019!4d7.5487469!16s%2Fg%2F1tnpdj9d?entry=ttu\" target=\"_blank\" rel=\"noopener\" title=\"\">Halle bei GoogleMaps &#8211; Hier Klicken!<\/a><\/em><\/strong><\/p>\n\n\n\n<p>In dieser kleinen Halle in der Ortsmitte von S\u00fcdkirchen k\u00f6nnen sich gerne die j\u00fcngeren U-Teams der JSG austoben. Ein umfangreiches Sortiment an Sportger\u00e4ten kann von den Trainern genutzt werden, um das Trainingsprogramm abwechslungsreicher zu gestalten. <\/p>\n\n\n\n<figure class=\"wp-block-image size-full is-resized\"><a href=\"http:\/\/www.jsgnordsuedcap.de\/wp-content\/uploads\/2023\/08\/SV-Suedkirchen-Slide-n7.jpg\"><img loading=\"lazy\" decoding=\"async\" src=\"http:\/\/www.jsgnordsuedcap.de\/wp-content\/uploads\/2023\/08\/SV-Suedkirchen-Slide-n7.jpg\" alt=\"\" class=\"wp-image-8624\" width=\"489\" height=\"278\" srcset=\"http:\/\/www.jsgnordsuedcap.de\/wp-content\/uploads\/2023\/08\/SV-Suedkirchen-Slide-n7.jpg 815w, http:\/\/www.jsgnordsuedcap.de\/wp-content\/uploads\/2023\/08\/SV-Suedkirchen-Slide-n7-300x171.jpg 300w, http:\/\/www.jsgnordsuedcap.de\/wp-content\/uploads\/2023\/08\/SV-Suedkirchen-Slide-n7-768x437.jpg 768w\" sizes=\"auto, (max-width: 489px) 100vw, 489px\" \/><\/a><\/figure>\n\n\n\n<p><strong><span style=\"text-decoration: underline;\">Capelle<\/span><\/strong><\/p>\n\n\n\n<p><strong>Halle im &#8220;Dorfgemeinschaftshaus&#8221;<\/strong><\/p>\n\n\n\n<p><strong>Anschrift: Schulweg 5, 59394 Nordkirchen (Ortsteil Capelle)<\/strong><\/p>\n\n\n\n<p><strong><em><a href=\"https:\/\/www.google.com\/maps\/place\/Dorfgemeinschaftshaus\/@51.7327756,7.5904457,17z\/data=!3m1!4b1!4m6!3m5!1s0x47b90961081462e9:0x11757e0550ef37ed!8m2!3d51.7327756!4d7.5930206!16s%2Fg%2F11r80xnj2p?entry=ttu\" target=\"_blank\" rel=\"noopener\" title=\"\">Halle bei GoogleMaps &#8211; Hier Klicken!<\/a><\/em><\/strong><\/p>\n\n\n\n<p>Das sehr gelungene <strong>Dorfgemeinschaftshaus<\/strong> in zentraler Lage Capelles am Park bietet u.a. auch eine kleine Sporthalle, in der die J\u00fcngsten eine passende Trainingsm\u00f6glichkeit haben.  <\/p>\n\n\n\n<p><\/p>\n","protected":false},"excerpt":{"rendered":"<p>Die Teams der JSG NordS\u00fcdCap k\u00f6nnen auf drei attraktive Fu\u00dfballstadien f\u00fcr ihren Trainings- und Spielbetrieb zugreifen. Das ist einerseits ein gro\u00dfer Vorteil, kann aber auch zu verwirrenden Situationen f\u00fchren. Daher m\u00f6chten wir Ihnen hier unsere verschiedenen &#8220;Spiel- und Trainingsorte&#8221; pr\u00e4sentieren. &hellip; <a href=\"http:\/\/www.jsgnordsuedcap.de\/?page_id=8618\">Weiterlesen <span class=\"meta-nav\">&rarr;<\/span><\/a><\/p>\n","protected":false},"author":4,"featured_media":0,"parent":0,"menu_order":0,"comment_status":"closed","ping_status":"closed","template":"","meta":{"om_disable_all_campaigns":false,"jetpack_post_was_ever_published":false,"footnotes":""},"class_list":["post-8618","page","type-page","status-publish","hentry"],"aioseo_notices":[],"jetpack_shortlink":"https:\/\/wp.me\/P4xSmw-2f0","jetpack_sharing_enabled":true,"_links":{"self":[{"href":"http:\/\/www.jsgnordsuedcap.de\/index.php?rest_route=\/wp\/v2\/pages\/8618","targetHints":{"allow":["GET"]}}],"collection":[{"href":"http:\/\/www.jsgnordsuedcap.de\/index.php?rest_route=\/wp\/v2\/pages"}],"about":[{"href":"http:\/\/www.jsgnordsuedcap.de\/index.php?rest_route=\/wp\/v2\/types\/page"}],"author":[{"embeddable":true,"href":"http:\/\/www.jsgnordsuedcap.de\/index.php?rest_route=\/wp\/v2\/users\/4"}],"replies":[{"embeddable":true,"href":"http:\/\/www.jsgnordsuedcap.de\/index.php?rest_route=%2Fwp%2Fv2%2Fcomments&post=8618"}],"version-history":[{"count":8,"href":"http:\/\/www.jsgnordsuedcap.de\/index.php?rest_route=\/wp\/v2\/pages\/8618\/revisions"}],"predecessor-version":[{"id":8664,"href":"http:\/\/www.jsgnordsuedcap.de\/index.php?rest_route=\/wp\/v2\/pages\/8618\/revisions\/8664"}],"wp:attachment":[{"href":"http:\/\/www.jsgnordsuedcap.de\/index.php?rest_route=%2Fwp%2Fv2%2Fmedia&parent=8618"}],"curies":[{"name":"wp","href":"https:\/\/api.w.org\/{rel}","templated":true}]}}