{"id":8626,"date":"2023-08-31T18:07:17","date_gmt":"2023-08-31T16:07:17","guid":{"rendered":"http:\/\/www.jsgnordsuedcap.de\/?page_id=8626"},"modified":"2023-09-06T10:49:59","modified_gmt":"2023-09-06T08:49:59","slug":"nordkirchen","status":"publish","type":"page","link":"http:\/\/www.jsgnordsuedcap.de\/?page_id=8626","title":{"rendered":"Nordkirchen"},"content":{"rendered":"\n<p><strong>Platz Nordkirchen<\/strong><\/p>\n\n\n\n<p><strong><em><a href=\"https:\/\/www.google.com\/maps\/@51.7215387,7.5004406,11.42z?entry=ttu\" target=\"_blank\" rel=\"noreferrer noopener\">Google Maps \u2013 Hier Klicken!<\/a><\/em><\/strong><\/p>\n\n\n\n<p><strong>Anschrift: Am Scho\u00dfpark 3, 59394 Nordkirchen<\/strong><\/p>\n\n\n\n<p>Das gr\u00f6\u00dfte Sportgel\u00e4nde befindet sich im Ortsteil Nordkirchen, in unmittelbarer N\u00e4he zum bekannten \u201cWestf\u00e4lischen Versailles\u201d. Mit einem Kunstrasen- sowie einem Naturrasenplatz bietet es viele M\u00f6glichkeiten f\u00fcr den Trainings- und Spielbetrieb. Daneben befindet sich noch ein Bolzplatz, der ebenfalls als Ausweichm\u00f6glichkeit genutzt werden kann. Hier ist die Heimat des <a href=\"https:\/\/fc-nordkirchen.de\/\" target=\"_blank\" rel=\"noopener\" title=\"\"><strong>FC Nordkirchen<\/strong> <strong>1926<\/strong><\/a>, der mit drei Seniorenteams, einem Damenteam sowie verschiedener AltenHerrenmannschaften breit aufgestellt ist.<br>Demn\u00e4chst wird mit dem Bau neuer Umkleidekabinen sowie eines Clubheims begonnen, damit auch die Geb\u00e4ude den zeitgem\u00e4\u00dfen Anspr\u00fcchen gen\u00fcgen.<\/p>\n\n\n\n<p> <strong>Halle der <a href=\"https:\/\/www.gesamtschule-nordkirchen.de\/index.php?id=304\" target=\"_blank\" rel=\"noopener\" title=\"\">Johann- Conrad- Schlaun Schule<\/a><\/strong> <\/p>\n\n\n\n<p> <strong>Anschrift: Am Gorbach 4, 59394 Nordkirchen<\/strong> <\/p>\n\n\n\n<p>In dieser Zweifach- Sporthalle, die auch \u00fcber eine gro\u00dfe Zuschauertrib\u00fcne verf\u00fcgt, haben die <strong>JSG<\/strong> Teams hervorragende Trainingsm\u00f6glichkeiten. Auch f\u00fcr <strong>Hallenturniere<\/strong> ist dieser Ort gut geeignet. Im Eingangsbereich k\u00f6nnen die Organisatoren verschiedene Speisen und Getr\u00e4nke anbieten, damit auch die Zuschauer eines Turniers bestens versorgt sind. Vor einigen Jahren ist zus\u00e4tzlich noch eine weitere kleinere Halle angebaut worden, die ebenfalls genutzt werden kann. <\/p>\n","protected":false},"excerpt":{"rendered":"<p>Platz Nordkirchen Google Maps \u2013 Hier Klicken! Anschrift: Am Scho\u00dfpark 3, 59394 Nordkirchen Das gr\u00f6\u00dfte Sportgel\u00e4nde befindet sich im Ortsteil Nordkirchen, in unmittelbarer N\u00e4he zum bekannten \u201cWestf\u00e4lischen Versailles\u201d. Mit einem Kunstrasen- sowie einem Naturrasenplatz bietet es viele M\u00f6glichkeiten f\u00fcr den &hellip; <a href=\"http:\/\/www.jsgnordsuedcap.de\/?page_id=8626\">Weiterlesen <span class=\"meta-nav\">&rarr;<\/span><\/a><\/p>\n","protected":false},"author":4,"featured_media":0,"parent":0,"menu_order":0,"comment_status":"closed","ping_status":"closed","template":"","meta":{"om_disable_all_campaigns":false,"jetpack_post_was_ever_published":false,"footnotes":""},"class_list":["post-8626","page","type-page","status-publish","hentry"],"aioseo_notices":[],"jetpack_shortlink":"https:\/\/wp.me\/P4xSmw-2f8","jetpack_sharing_enabled":true,"_links":{"self":[{"href":"http:\/\/www.jsgnordsuedcap.de\/index.php?rest_route=\/wp\/v2\/pages\/8626","targetHints":{"allow":["GET"]}}],"collection":[{"href":"http:\/\/www.jsgnordsuedcap.de\/index.php?rest_route=\/wp\/v2\/pages"}],"about":[{"href":"http:\/\/www.jsgnordsuedcap.de\/index.php?rest_route=\/wp\/v2\/types\/page"}],"author":[{"embeddable":true,"href":"http:\/\/www.jsgnordsuedcap.de\/index.php?rest_route=\/wp\/v2\/users\/4"}],"replies":[{"embeddable":true,"href":"http:\/\/www.jsgnordsuedcap.de\/index.php?rest_route=%2Fwp%2Fv2%2Fcomments&post=8626"}],"version-history":[{"count":5,"href":"http:\/\/www.jsgnordsuedcap.de\/index.php?rest_route=\/wp\/v2\/pages\/8626\/revisions"}],"predecessor-version":[{"id":8662,"href":"http:\/\/www.jsgnordsuedcap.de\/index.php?rest_route=\/wp\/v2\/pages\/8626\/revisions\/8662"}],"wp:attachment":[{"href":"http:\/\/www.jsgnordsuedcap.de\/index.php?rest_route=%2Fwp%2Fv2%2Fmedia&parent=8626"}],"curies":[{"name":"wp","href":"https:\/\/api.w.org\/{rel}","templated":true}]}}