{"id":8630,"date":"2023-08-31T18:13:23","date_gmt":"2023-08-31T16:13:23","guid":{"rendered":"http:\/\/www.jsgnordsuedcap.de\/?page_id=8630"},"modified":"2023-08-31T18:28:33","modified_gmt":"2023-08-31T16:28:33","slug":"suedkirchen","status":"publish","type":"page","link":"http:\/\/www.jsgnordsuedcap.de\/?page_id=8630","title":{"rendered":"S\u00fcdkirchen"},"content":{"rendered":"\n<p><strong>Platzanlage <\/strong><\/p>\n\n\n\n<figure class=\"wp-block-image size-full is-resized\"><a href=\"http:\/\/www.jsgnordsuedcap.de\/wp-content\/uploads\/2023\/08\/SV-Suedkirchen-Slide-n1.jpg\"><img loading=\"lazy\" decoding=\"async\" src=\"http:\/\/www.jsgnordsuedcap.de\/wp-content\/uploads\/2023\/08\/SV-Suedkirchen-Slide-n1.jpg\" alt=\"\" class=\"wp-image-8640\" width=\"450\" height=\"256\" srcset=\"http:\/\/www.jsgnordsuedcap.de\/wp-content\/uploads\/2023\/08\/SV-Suedkirchen-Slide-n1.jpg 815w, http:\/\/www.jsgnordsuedcap.de\/wp-content\/uploads\/2023\/08\/SV-Suedkirchen-Slide-n1-300x171.jpg 300w, http:\/\/www.jsgnordsuedcap.de\/wp-content\/uploads\/2023\/08\/SV-Suedkirchen-Slide-n1-768x437.jpg 768w\" sizes=\"auto, (max-width: 450px) 100vw, 450px\" \/><\/a><\/figure>\n\n\n\n<p><strong>Anschrift: Friedhofsweg 7, 59394 Nordkirchen<\/strong> <\/p>\n\n\n\n<p> <strong><em><a href=\"https:\/\/www.google.de\/maps\/place\/Sportverein+1926+S%C3%BCdkirchen\/@51.7133259,7.5378949,17z\/data=!3m1!4b1!4m6!3m5!1s0x47b908bea0e619bf:0x56692480aefb179d!8m2!3d51.7133259!4d7.5404698!16s%2Fg%2F1ttdm255?hl=de&amp;entry=ttu\" target=\"_blank\" rel=\"noopener\" title=\"\">Platzanlage bei GoogleMaps &#8211; Hier Klicken!<\/a><\/em><\/strong> <\/p>\n\n\n\n<p> Der <strong><a href=\"https:\/\/www.sv-suedkirchen.de\/\" target=\"_blank\" rel=\"noopener\" title=\"\">SV 26 S\u00fcdkirchen<\/a><\/strong> ist am sogenannten &#8220;B\u00f6ckenbusch&#8221; in S\u00fcdkirchen zuhause. Dort befindet sich ein Kunstrasenplatz sowie ein Bolzplatz, der als Ausweichm\u00f6glichkeit dient. Mit 2 Seniorenteams, einem Damenteam sowie einigen AlteHerrenmannschaften tr\u00e4gt der SV hier seine Heimspiele aus. Im gem\u00fctlichen Clubheim, das in den 90er- Jahren in Eigeninitiative  errichtet wurde, finden regelm\u00e4\u00dfig vereinsinterne Feiern statt. <br> <\/p>\n\n\n\n<p> <strong>Halle der <a href=\"https:\/\/www.grundschulverbund-nordkirchen.de\/de\/unsere-schule\/grundschulverbund\" target=\"_blank\" rel=\"noopener\" title=\"\">Grundschule S\u00fcdkirchen<\/a><\/strong> <\/p>\n\n\n\n<p> <strong>Anschrift: Hauptstra\u00dfe 9, 59394 Nordkirchen (Ortsteil S\u00fcdkirchen)<\/strong> <\/p>\n\n\n\n<p> <strong><em><a href=\"https:\/\/www.google.com\/maps\/place\/Kath.+Grundschule+S%C3%BCdkirchen\/@51.7097578,7.5475559,17.58z\/data=!4m6!3m5!1s0x47b908c74805a607:0xd4cc13cadd23168e!8m2!3d51.7098019!4d7.5487469!16s%2Fg%2F1tnpdj9d?entry=ttu\" target=\"_blank\" rel=\"noopener\" title=\"\">Halle bei GoogleMaps &#8211; Hier Klicken!<\/a><\/em><\/strong> <\/p>\n\n\n\n<p>In dieser kleinen Halle in der Ortsmitte von <strong>S\u00fcdkirchen<\/strong> k\u00f6nnen sich besonders die j\u00fcngeren U-Teams der JSG austoben. Ein umfangreiches Sortiment an Sportger\u00e4ten kann von den Trainern genutzt werden, um das Trainingsprogramm abwechslungsreicher zu gestalten.  <\/p>\n\n\n\n<figure class=\"wp-block-image size-full is-resized\"><a href=\"http:\/\/www.jsgnordsuedcap.de\/wp-content\/uploads\/2023\/08\/SV-Suedkirchen-Slide-n7-1.jpg\"><img loading=\"lazy\" decoding=\"async\" src=\"http:\/\/www.jsgnordsuedcap.de\/wp-content\/uploads\/2023\/08\/SV-Suedkirchen-Slide-n7-1.jpg\" alt=\"\" class=\"wp-image-8631\" width=\"435\" height=\"247\" srcset=\"http:\/\/www.jsgnordsuedcap.de\/wp-content\/uploads\/2023\/08\/SV-Suedkirchen-Slide-n7-1.jpg 815w, http:\/\/www.jsgnordsuedcap.de\/wp-content\/uploads\/2023\/08\/SV-Suedkirchen-Slide-n7-1-300x171.jpg 300w, http:\/\/www.jsgnordsuedcap.de\/wp-content\/uploads\/2023\/08\/SV-Suedkirchen-Slide-n7-1-768x437.jpg 768w\" sizes=\"auto, (max-width: 435px) 100vw, 435px\" \/><\/a><\/figure>\n","protected":false},"excerpt":{"rendered":"<p>Platzanlage Anschrift: Friedhofsweg 7, 59394 Nordkirchen Platzanlage bei GoogleMaps &#8211; Hier Klicken! Der SV 26 S\u00fcdkirchen ist am sogenannten &#8220;B\u00f6ckenbusch&#8221; in S\u00fcdkirchen zuhause. Dort befindet sich ein Kunstrasenplatz sowie ein Bolzplatz, der als Ausweichm\u00f6glichkeit dient. Mit 2 Seniorenteams, einem Damenteam &hellip; <a href=\"http:\/\/www.jsgnordsuedcap.de\/?page_id=8630\">Weiterlesen <span class=\"meta-nav\">&rarr;<\/span><\/a><\/p>\n","protected":false},"author":4,"featured_media":0,"parent":0,"menu_order":0,"comment_status":"closed","ping_status":"closed","template":"","meta":{"om_disable_all_campaigns":false,"jetpack_post_was_ever_published":false,"footnotes":""},"class_list":["post-8630","page","type-page","status-publish","hentry"],"aioseo_notices":[],"jetpack_shortlink":"https:\/\/wp.me\/P4xSmw-2fc","jetpack_sharing_enabled":true,"_links":{"self":[{"href":"http:\/\/www.jsgnordsuedcap.de\/index.php?rest_route=\/wp\/v2\/pages\/8630","targetHints":{"allow":["GET"]}}],"collection":[{"href":"http:\/\/www.jsgnordsuedcap.de\/index.php?rest_route=\/wp\/v2\/pages"}],"about":[{"href":"http:\/\/www.jsgnordsuedcap.de\/index.php?rest_route=\/wp\/v2\/types\/page"}],"author":[{"embeddable":true,"href":"http:\/\/www.jsgnordsuedcap.de\/index.php?rest_route=\/wp\/v2\/users\/4"}],"replies":[{"embeddable":true,"href":"http:\/\/www.jsgnordsuedcap.de\/index.php?rest_route=%2Fwp%2Fv2%2Fcomments&post=8630"}],"version-history":[{"count":2,"href":"http:\/\/www.jsgnordsuedcap.de\/index.php?rest_route=\/wp\/v2\/pages\/8630\/revisions"}],"predecessor-version":[{"id":8641,"href":"http:\/\/www.jsgnordsuedcap.de\/index.php?rest_route=\/wp\/v2\/pages\/8630\/revisions\/8641"}],"wp:attachment":[{"href":"http:\/\/www.jsgnordsuedcap.de\/index.php?rest_route=%2Fwp%2Fv2%2Fmedia&parent=8630"}],"curies":[{"name":"wp","href":"https:\/\/api.w.org\/{rel}","templated":true}]}}