{"id":9903,"date":"2025-02-24T11:20:59","date_gmt":"2025-02-24T10:20:59","guid":{"rendered":"http:\/\/www.jsgnordsuedcap.de\/?page_id=9903"},"modified":"2025-03-26T22:29:39","modified_gmt":"2025-03-26T21:29:39","slug":"jsg-fan-artikel","status":"publish","type":"page","link":"http:\/\/www.jsgnordsuedcap.de\/?page_id=9903","title":{"rendered":"JSG-Fan Artikel"},"content":{"rendered":"\n<figure class=\"wp-block-image size-large is-resized\"><a href=\"http:\/\/www.jsgnordsuedcap.de\/wp-content\/uploads\/2025\/02\/Screenshot_20250207_195138_Adobe-Acrobat.jpg\"><img loading=\"lazy\" decoding=\"async\" width=\"683\" height=\"1024\" src=\"http:\/\/www.jsgnordsuedcap.de\/wp-content\/uploads\/2025\/02\/Screenshot_20250207_195138_Adobe-Acrobat-683x1024.jpg\" alt=\"\" class=\"wp-image-9868\" style=\"width:375px;height:auto\" srcset=\"http:\/\/www.jsgnordsuedcap.de\/wp-content\/uploads\/2025\/02\/Screenshot_20250207_195138_Adobe-Acrobat-683x1024.jpg 683w, http:\/\/www.jsgnordsuedcap.de\/wp-content\/uploads\/2025\/02\/Screenshot_20250207_195138_Adobe-Acrobat-200x300.jpg 200w, http:\/\/www.jsgnordsuedcap.de\/wp-content\/uploads\/2025\/02\/Screenshot_20250207_195138_Adobe-Acrobat-768x1152.jpg 768w, http:\/\/www.jsgnordsuedcap.de\/wp-content\/uploads\/2025\/02\/Screenshot_20250207_195138_Adobe-Acrobat.jpg 1010w\" sizes=\"auto, (max-width: 683px) 100vw, 683px\" \/><\/a><\/figure>\n\n\n\n<p>Bekannterma\u00dfen k\u00f6nnen Spieler:innen, Angeh\u00f6rige und nat\u00fcrlich auch alle Anderen seit einiger Zeit bei <strong><a href=\"https:\/\/pattys-kreativ-design.de\/\" target=\"_blank\" rel=\"noreferrer noopener\">Patty\u00b4s Kreativ Design<\/a><\/strong> passende JSG-Fan-Artikel wie Trinkflaschen und M\u00fctzen erwerben. Ihr Laden und die Werkstatt befindet sich an der <strong>Unterstra\u00dfe 9<\/strong> in S\u00fcdkirchen. Am Besten meldet sich jeder Interessierte \u00fcber die unten angegebenen Kontakdaten bei ihr. Wer m\u00f6chte, kann dann zb auch die Artikel mit seinem Namen personalisieren. Weitere Artikel kommen demn\u00e4chst noch dazu.<br>Mobil: 0162 672 584 8  oder    <a href=\"mailto:patty@pattys-kreativ-design.de\" title=\"\">patty@pattys-kreativ-design.de<\/a><\/p>\n\n\n\n<p><\/p>\n","protected":false},"excerpt":{"rendered":"<p>Bekannterma\u00dfen k\u00f6nnen Spieler:innen, Angeh\u00f6rige und nat\u00fcrlich auch alle Anderen seit einiger Zeit bei Patty\u00b4s Kreativ Design passende JSG-Fan-Artikel wie Trinkflaschen und M\u00fctzen erwerben. Ihr Laden und die Werkstatt befindet sich an der Unterstra\u00dfe 9 in S\u00fcdkirchen. Am Besten meldet sich &hellip; <a href=\"http:\/\/www.jsgnordsuedcap.de\/?page_id=9903\">Weiterlesen <span class=\"meta-nav\">&rarr;<\/span><\/a><\/p>\n","protected":false},"author":4,"featured_media":0,"parent":0,"menu_order":0,"comment_status":"closed","ping_status":"closed","template":"","meta":{"om_disable_all_campaigns":false,"jetpack_post_was_ever_published":false,"footnotes":""},"class_list":["post-9903","page","type-page","status-publish","hentry"],"aioseo_notices":[],"jetpack_shortlink":"https:\/\/wp.me\/P4xSmw-2zJ","jetpack_sharing_enabled":true,"_links":{"self":[{"href":"http:\/\/www.jsgnordsuedcap.de\/index.php?rest_route=\/wp\/v2\/pages\/9903","targetHints":{"allow":["GET"]}}],"collection":[{"href":"http:\/\/www.jsgnordsuedcap.de\/index.php?rest_route=\/wp\/v2\/pages"}],"about":[{"href":"http:\/\/www.jsgnordsuedcap.de\/index.php?rest_route=\/wp\/v2\/types\/page"}],"author":[{"embeddable":true,"href":"http:\/\/www.jsgnordsuedcap.de\/index.php?rest_route=\/wp\/v2\/users\/4"}],"replies":[{"embeddable":true,"href":"http:\/\/www.jsgnordsuedcap.de\/index.php?rest_route=%2Fwp%2Fv2%2Fcomments&post=9903"}],"version-history":[{"count":2,"href":"http:\/\/www.jsgnordsuedcap.de\/index.php?rest_route=\/wp\/v2\/pages\/9903\/revisions"}],"predecessor-version":[{"id":9930,"href":"http:\/\/www.jsgnordsuedcap.de\/index.php?rest_route=\/wp\/v2\/pages\/9903\/revisions\/9930"}],"wp:attachment":[{"href":"http:\/\/www.jsgnordsuedcap.de\/index.php?rest_route=%2Fwp%2Fv2%2Fmedia&parent=9903"}],"curies":[{"name":"wp","href":"https:\/\/api.w.org\/{rel}","templated":true}]}}