{"id":10065,"date":"2025-06-04T11:02:31","date_gmt":"2025-06-04T09:02:31","guid":{"rendered":"https:\/\/www.jsgnordsuedcap.de\/?page_id=10065"},"modified":"2025-12-03T13:57:10","modified_gmt":"2025-12-03T12:57:10","slug":"u10-2-junioren","status":"publish","type":"page","link":"https:\/\/www.jsgnordsuedcap.de\/?page_id=10065","title":{"rendered":"U10.2- Junioren"},"content":{"rendered":"\n<p><strong>(Jahrgang 2016)<\/strong><\/p>\n\n\n\n<figure class=\"wp-block-image size-large\"><a href=\"https:\/\/www.jsgnordsuedcap.de\/wp-content\/uploads\/2025\/08\/IMG-20250821-WA0004.jpg\"><img loading=\"lazy\" decoding=\"async\" width=\"1024\" height=\"771\" src=\"https:\/\/www.jsgnordsuedcap.de\/wp-content\/uploads\/2025\/08\/IMG-20250821-WA0004-1024x771.jpg\" alt=\"\" class=\"wp-image-10313\" srcset=\"https:\/\/www.jsgnordsuedcap.de\/wp-content\/uploads\/2025\/08\/IMG-20250821-WA0004-1024x771.jpg 1024w, https:\/\/www.jsgnordsuedcap.de\/wp-content\/uploads\/2025\/08\/IMG-20250821-WA0004-300x226.jpg 300w, https:\/\/www.jsgnordsuedcap.de\/wp-content\/uploads\/2025\/08\/IMG-20250821-WA0004-768x578.jpg 768w, https:\/\/www.jsgnordsuedcap.de\/wp-content\/uploads\/2025\/08\/IMG-20250821-WA0004-1536x1157.jpg 1536w, https:\/\/www.jsgnordsuedcap.de\/wp-content\/uploads\/2025\/08\/IMG-20250821-WA0004.jpg 1599w\" sizes=\"auto, (max-width: 1024px) 100vw, 1024px\" \/><\/a><\/figure>\n\n\n\n<p><strong>Training:<\/strong><br><strong>Mittwochs, 17:00 &#8211; 18:30 Uhr, Nordkirchen<br>Freitags, 17:00 &#8211; 18:30 Uhr, S\u00fcdkirchen<\/strong><br><br><strong>Trainer:<\/strong><br><strong>Thomas N\u00e4kel- Mitschke  0157 37748142<\/strong><\/p>\n\n\n\n<figure class=\"wp-block-image size-full is-resized\"><a href=\"http:\/\/www.jsgnordsuedcap.de\/wp-content\/uploads\/2025\/08\/110.jpg\"><img loading=\"lazy\" decoding=\"async\" width=\"394\" height=\"551\" src=\"http:\/\/www.jsgnordsuedcap.de\/wp-content\/uploads\/2025\/08\/110.jpg\" alt=\"\" class=\"wp-image-10375\" style=\"width:188px;height:auto\" srcset=\"https:\/\/www.jsgnordsuedcap.de\/wp-content\/uploads\/2025\/08\/110.jpg 394w, https:\/\/www.jsgnordsuedcap.de\/wp-content\/uploads\/2025\/08\/110-215x300.jpg 215w\" sizes=\"auto, (max-width: 394px) 100vw, 394px\" \/><\/a><\/figure>\n\n\n\n<p><strong>Marc Schl\u00fctermann    0174 9654970<\/strong><\/p>\n\n\n\n<figure class=\"wp-block-image size-full is-resized\"><a href=\"https:\/\/www.jsgnordsuedcap.de\/wp-content\/uploads\/2025\/08\/111.jpg\"><img loading=\"lazy\" decoding=\"async\" width=\"394\" height=\"551\" src=\"https:\/\/www.jsgnordsuedcap.de\/wp-content\/uploads\/2025\/08\/111.jpg\" alt=\"\" class=\"wp-image-10384\" style=\"width:192px;height:auto\" srcset=\"https:\/\/www.jsgnordsuedcap.de\/wp-content\/uploads\/2025\/08\/111.jpg 394w, https:\/\/www.jsgnordsuedcap.de\/wp-content\/uploads\/2025\/08\/111-215x300.jpg 215w\" sizes=\"auto, (max-width: 394px) 100vw, 394px\" \/><\/a><\/figure>\n\n\n\n<p><strong>Noel Thiem <\/strong>   <strong>0175 2688234<\/strong><br><strong>(Foto wird nachgereicht)<\/strong><\/p>\n\n\n\n<p class=\"has-text-align-center\"><strong>NEWS<\/strong><\/p>\n","protected":false},"excerpt":{"rendered":"<p>(Jahrgang 2016) Training:Mittwochs, 17:00 &#8211; 18:30 Uhr, NordkirchenFreitags, 17:00 &#8211; 18:30 Uhr, S\u00fcdkirchen Trainer:Thomas N\u00e4kel- Mitschke 0157 37748142 Marc Schl\u00fctermann 0174 9654970 Noel Thiem 0175 2688234(Foto wird nachgereicht) NEWS<\/p>\n","protected":false},"author":4,"featured_media":0,"parent":0,"menu_order":0,"comment_status":"closed","ping_status":"closed","template":"","meta":{"om_disable_all_campaigns":false,"jetpack_post_was_ever_published":false,"footnotes":""},"class_list":["post-10065","page","type-page","status-publish","hentry"],"aioseo_notices":[],"jetpack_shortlink":"https:\/\/wp.me\/P4xSmw-2Cl","jetpack_sharing_enabled":true,"_links":{"self":[{"href":"https:\/\/www.jsgnordsuedcap.de\/index.php?rest_route=\/wp\/v2\/pages\/10065","targetHints":{"allow":["GET"]}}],"collection":[{"href":"https:\/\/www.jsgnordsuedcap.de\/index.php?rest_route=\/wp\/v2\/pages"}],"about":[{"href":"https:\/\/www.jsgnordsuedcap.de\/index.php?rest_route=\/wp\/v2\/types\/page"}],"author":[{"embeddable":true,"href":"https:\/\/www.jsgnordsuedcap.de\/index.php?rest_route=\/wp\/v2\/users\/4"}],"replies":[{"embeddable":true,"href":"https:\/\/www.jsgnordsuedcap.de\/index.php?rest_route=%2Fwp%2Fv2%2Fcomments&post=10065"}],"version-history":[{"count":11,"href":"https:\/\/www.jsgnordsuedcap.de\/index.php?rest_route=\/wp\/v2\/pages\/10065\/revisions"}],"predecessor-version":[{"id":10577,"href":"https:\/\/www.jsgnordsuedcap.de\/index.php?rest_route=\/wp\/v2\/pages\/10065\/revisions\/10577"}],"wp:attachment":[{"href":"https:\/\/www.jsgnordsuedcap.de\/index.php?rest_route=%2Fwp%2Fv2%2Fmedia&parent=10065"}],"curies":[{"name":"wp","href":"https:\/\/api.w.org\/{rel}","templated":true}]}}