{"id":10080,"date":"2025-06-04T11:16:28","date_gmt":"2025-06-04T09:16:28","guid":{"rendered":"https:\/\/www.jsgnordsuedcap.de\/?page_id=10080"},"modified":"2025-10-09T10:01:32","modified_gmt":"2025-10-09T08:01:32","slug":"u15-1-junioren-2","status":"publish","type":"page","link":"https:\/\/www.jsgnordsuedcap.de\/?page_id=10080","title":{"rendered":"U15.1- Junioren"},"content":{"rendered":"\n<p><strong>(Jahrgang 2011\/2012)<\/strong><\/p>\n\n\n\n<figure class=\"wp-block-image size-large\"><a href=\"https:\/\/www.jsgnordsuedcap.de\/wp-content\/uploads\/2025\/08\/IMG-20250821-WA0018.jpg\"><img loading=\"lazy\" decoding=\"async\" width=\"1024\" height=\"620\" src=\"https:\/\/www.jsgnordsuedcap.de\/wp-content\/uploads\/2025\/08\/IMG-20250821-WA0018-1024x620.jpg\" alt=\"\" class=\"wp-image-10336\" srcset=\"https:\/\/www.jsgnordsuedcap.de\/wp-content\/uploads\/2025\/08\/IMG-20250821-WA0018-1024x620.jpg 1024w, https:\/\/www.jsgnordsuedcap.de\/wp-content\/uploads\/2025\/08\/IMG-20250821-WA0018-300x182.jpg 300w, https:\/\/www.jsgnordsuedcap.de\/wp-content\/uploads\/2025\/08\/IMG-20250821-WA0018-768x465.jpg 768w, https:\/\/www.jsgnordsuedcap.de\/wp-content\/uploads\/2025\/08\/IMG-20250821-WA0018-1536x929.jpg 1536w, https:\/\/www.jsgnordsuedcap.de\/wp-content\/uploads\/2025\/08\/IMG-20250821-WA0018.jpg 1600w\" sizes=\"auto, (max-width: 1024px) 100vw, 1024px\" \/><\/a><\/figure>\n\n\n\n<p><strong>Training:<br>Montags, 18:15 &#8211; 19:30 Uhr, S\u00fcdkirchen<br>Donnerstags, 17:45 &#8211; 19:15 Uhr, S\u00fcdkirchen<\/strong><\/p>\n\n\n\n<p><strong>Trainer:<br>Christian N\u00f6lken              0173 4524243<\/strong><\/p>\n\n\n\n<figure class=\"wp-block-image size-full is-resized\"><a href=\"https:\/\/www.jsgnordsuedcap.de\/wp-content\/uploads\/2025\/08\/286.jpg\"><img loading=\"lazy\" decoding=\"async\" width=\"394\" height=\"551\" src=\"https:\/\/www.jsgnordsuedcap.de\/wp-content\/uploads\/2025\/08\/286.jpg\" alt=\"\" class=\"wp-image-10424\" style=\"width:192px;height:auto\" srcset=\"https:\/\/www.jsgnordsuedcap.de\/wp-content\/uploads\/2025\/08\/286.jpg 394w, https:\/\/www.jsgnordsuedcap.de\/wp-content\/uploads\/2025\/08\/286-215x300.jpg 215w\" sizes=\"auto, (max-width: 394px) 100vw, 394px\" \/><\/a><\/figure>\n\n\n\n<p><strong>Marc Grennigloh              0163 8092983<\/strong><\/p>\n\n\n\n<figure class=\"wp-block-image size-full is-resized\"><a href=\"https:\/\/www.jsgnordsuedcap.de\/wp-content\/uploads\/2025\/08\/284.jpg\"><img loading=\"lazy\" decoding=\"async\" width=\"394\" height=\"551\" src=\"https:\/\/www.jsgnordsuedcap.de\/wp-content\/uploads\/2025\/08\/284.jpg\" alt=\"\" class=\"wp-image-10422\" style=\"width:191px;height:auto\" srcset=\"https:\/\/www.jsgnordsuedcap.de\/wp-content\/uploads\/2025\/08\/284.jpg 394w, https:\/\/www.jsgnordsuedcap.de\/wp-content\/uploads\/2025\/08\/284-215x300.jpg 215w\" sizes=\"auto, (max-width: 394px) 100vw, 394px\" \/><\/a><\/figure>\n\n\n\n<p><strong>Denis Niederholtmeyer<\/strong>     <strong>0172 5730784<\/strong><\/p>\n\n\n\n<figure class=\"wp-block-image size-full is-resized\"><a href=\"https:\/\/www.jsgnordsuedcap.de\/wp-content\/uploads\/2025\/08\/285.jpg\"><img loading=\"lazy\" decoding=\"async\" width=\"394\" height=\"551\" src=\"https:\/\/www.jsgnordsuedcap.de\/wp-content\/uploads\/2025\/08\/285.jpg\" alt=\"\" class=\"wp-image-10425\" style=\"width:192px;height:auto\" srcset=\"https:\/\/www.jsgnordsuedcap.de\/wp-content\/uploads\/2025\/08\/285.jpg 394w, https:\/\/www.jsgnordsuedcap.de\/wp-content\/uploads\/2025\/08\/285-215x300.jpg 215w\" sizes=\"auto, (max-width: 394px) 100vw, 394px\" \/><\/a><\/figure>\n\n\n\n<p class=\"has-text-align-center\"><strong>NEWS<\/strong><\/p>\n","protected":false},"excerpt":{"rendered":"<p>(Jahrgang 2011\/2012) Training:Montags, 18:15 &#8211; 19:30 Uhr, S\u00fcdkirchenDonnerstags, 17:45 &#8211; 19:15 Uhr, S\u00fcdkirchen Trainer:Christian N\u00f6lken 0173 4524243 Marc Grennigloh 0163 8092983 Denis Niederholtmeyer 0172 5730784 NEWS<\/p>\n","protected":false},"author":4,"featured_media":0,"parent":0,"menu_order":0,"comment_status":"closed","ping_status":"closed","template":"","meta":{"om_disable_all_campaigns":false,"jetpack_post_was_ever_published":false,"footnotes":""},"class_list":["post-10080","page","type-page","status-publish","hentry"],"aioseo_notices":[],"jetpack_shortlink":"https:\/\/wp.me\/P4xSmw-2CA","jetpack_sharing_enabled":true,"_links":{"self":[{"href":"https:\/\/www.jsgnordsuedcap.de\/index.php?rest_route=\/wp\/v2\/pages\/10080","targetHints":{"allow":["GET"]}}],"collection":[{"href":"https:\/\/www.jsgnordsuedcap.de\/index.php?rest_route=\/wp\/v2\/pages"}],"about":[{"href":"https:\/\/www.jsgnordsuedcap.de\/index.php?rest_route=\/wp\/v2\/types\/page"}],"author":[{"embeddable":true,"href":"https:\/\/www.jsgnordsuedcap.de\/index.php?rest_route=\/wp\/v2\/users\/4"}],"replies":[{"embeddable":true,"href":"https:\/\/www.jsgnordsuedcap.de\/index.php?rest_route=%2Fwp%2Fv2%2Fcomments&post=10080"}],"version-history":[{"count":5,"href":"https:\/\/www.jsgnordsuedcap.de\/index.php?rest_route=\/wp\/v2\/pages\/10080\/revisions"}],"predecessor-version":[{"id":10522,"href":"https:\/\/www.jsgnordsuedcap.de\/index.php?rest_route=\/wp\/v2\/pages\/10080\/revisions\/10522"}],"wp:attachment":[{"href":"https:\/\/www.jsgnordsuedcap.de\/index.php?rest_route=%2Fwp%2Fv2%2Fmedia&parent=10080"}],"curies":[{"name":"wp","href":"https:\/\/api.w.org\/{rel}","templated":true}]}}