{"id":10690,"date":"2026-03-11T13:47:06","date_gmt":"2026-03-11T12:47:06","guid":{"rendered":"https:\/\/www.jsgnordsuedcap.de\/?page_id=10690"},"modified":"2026-03-31T18:19:59","modified_gmt":"2026-03-31T16:19:59","slug":"maedchenfussball","status":"publish","type":"page","link":"https:\/\/www.jsgnordsuedcap.de\/?page_id=10690","title":{"rendered":"M\u00e4dchenfu\u00dfball"},"content":{"rendered":"\n<figure class=\"wp-block-image size-large\"><a href=\"http:\/\/www.jsgnordsuedcap.de\/wp-content\/uploads\/2026\/03\/Screenshot_20260315_190723_WhatsApp.jpg\"><img loading=\"lazy\" decoding=\"async\" width=\"697\" height=\"1024\" src=\"http:\/\/www.jsgnordsuedcap.de\/wp-content\/uploads\/2026\/03\/Screenshot_20260315_190723_WhatsApp-697x1024.jpg\" alt=\"\" class=\"wp-image-10696\" srcset=\"https:\/\/www.jsgnordsuedcap.de\/wp-content\/uploads\/2026\/03\/Screenshot_20260315_190723_WhatsApp-697x1024.jpg 697w, https:\/\/www.jsgnordsuedcap.de\/wp-content\/uploads\/2026\/03\/Screenshot_20260315_190723_WhatsApp-204x300.jpg 204w, https:\/\/www.jsgnordsuedcap.de\/wp-content\/uploads\/2026\/03\/Screenshot_20260315_190723_WhatsApp-768x1128.jpg 768w, https:\/\/www.jsgnordsuedcap.de\/wp-content\/uploads\/2026\/03\/Screenshot_20260315_190723_WhatsApp-1045x1536.jpg 1045w, https:\/\/www.jsgnordsuedcap.de\/wp-content\/uploads\/2026\/03\/Screenshot_20260315_190723_WhatsApp.jpg 1057w\" sizes=\"auto, (max-width: 697px) 100vw, 697px\" \/><\/a><\/figure>\n\n\n\n<p>Zur neuen Saison 2026\/27 wird die JSG das <strong>4. M\u00e4dchenteam <\/strong>gr\u00fcnden, die E-Juniorinnen. Damit w\u00e4ren dann <strong>alle<\/strong> Altersklassen abgedeckt und wir k\u00f6nnten den fu\u00dfballbegeisterten M\u00e4dchen eine <strong>durchgehende <\/strong>Spielm\u00f6glichkeit bis zu den B-Juniorinnen bieten.<br>Doch damit nicht genug: Nach ihrer Jugend k\u00f6nnten alle dann direkt in eine der beiden Damenteams wechseln, entweder beim FC Nordkirchen oder dem SV S\u00fcdkirchen.<br>Sie k\u00f6nnten also Ihre gesamte sportliche Laufbahn bei uns verbringen.<br>Mit <strong>Conny N\u00f6lken <\/strong>haben wir eine engagierte <strong>Koordinatorin,<\/strong> die unsere M\u00e4dchenteams nicht nur gegr\u00fcndet und aufgebaut hat, sondern diese noch weiterentwicklen m\u00f6chte.<br>Sie hat jahrelang selbst gespielt, kann also allen M\u00e4dchen viel beibringen.<br>Daher suchen wir besonders auch M\u00e4dchen, die schon eine gewisse \u201cErfahrung\u201d haben und sich weiterentwicklen wollen. Nat\u00fcrlich sind auch \u201cAnf\u00e4ngerinnen\u201d herzlich willkommen. In einem unverbindlichen Gespr\u00e4ch k\u00f6nnen alle weiteren Infos eingeholt werden.<br>Auch ein Schnuppertraining ist m\u00f6glich. Spielerinnen, die noch bei einem anderen Verein angemeldet sind, ben\u00f6tigen dazu aber eine Einverst\u00e4ndniserkl\u00e4rung. Diese ist vor dem \u201cSchnuppertraining\u201d vorzulegen. Weitere Infos&gt;&gt; <strong><em><a href=\"https:\/\/www.jsgnordsuedcap.de\/wp-content\/uploads\/2024\/04\/Teilnahmeerlaubnis-Probetraining-bei-der-JSG-NordSuedCap.pdf\" target=\"_blank\" rel=\"noreferrer noopener\">Hier Klicken!<\/a><\/em><\/strong><\/p>\n\n\n\n<figure class=\"wp-block-image size-large\"><a href=\"http:\/\/www.jsgnordsuedcap.de\/wp-content\/uploads\/2026\/03\/20260331_065451_resized.jpg\"><img loading=\"lazy\" decoding=\"async\" width=\"840\" height=\"1024\" src=\"http:\/\/www.jsgnordsuedcap.de\/wp-content\/uploads\/2026\/03\/20260331_065451_resized-840x1024.jpg\" alt=\"\" class=\"wp-image-10718\" srcset=\"https:\/\/www.jsgnordsuedcap.de\/wp-content\/uploads\/2026\/03\/20260331_065451_resized-840x1024.jpg 840w, https:\/\/www.jsgnordsuedcap.de\/wp-content\/uploads\/2026\/03\/20260331_065451_resized-246x300.jpg 246w, https:\/\/www.jsgnordsuedcap.de\/wp-content\/uploads\/2026\/03\/20260331_065451_resized-768x937.jpg 768w, https:\/\/www.jsgnordsuedcap.de\/wp-content\/uploads\/2026\/03\/20260331_065451_resized.jpg 874w\" sizes=\"auto, (max-width: 840px) 100vw, 840px\" \/><\/a><\/figure>\n","protected":false},"excerpt":{"rendered":"<p>Zur neuen Saison 2026\/27 wird die JSG das 4. M\u00e4dchenteam gr\u00fcnden, die E-Juniorinnen. Damit w\u00e4ren dann alle Altersklassen abgedeckt und wir k\u00f6nnten den fu\u00dfballbegeisterten M\u00e4dchen eine durchgehende Spielm\u00f6glichkeit bis zu den B-Juniorinnen bieten.Doch damit nicht genug: Nach ihrer Jugend k\u00f6nnten &hellip; <a href=\"https:\/\/www.jsgnordsuedcap.de\/?page_id=10690\">Weiterlesen <span class=\"meta-nav\">&rarr;<\/span><\/a><\/p>\n","protected":false},"author":4,"featured_media":0,"parent":0,"menu_order":0,"comment_status":"closed","ping_status":"closed","template":"","meta":{"om_disable_all_campaigns":false,"jetpack_post_was_ever_published":false,"footnotes":""},"class_list":["post-10690","page","type-page","status-publish","hentry"],"aioseo_notices":[],"jetpack_shortlink":"https:\/\/wp.me\/P4xSmw-2Mq","jetpack_sharing_enabled":true,"_links":{"self":[{"href":"https:\/\/www.jsgnordsuedcap.de\/index.php?rest_route=\/wp\/v2\/pages\/10690","targetHints":{"allow":["GET"]}}],"collection":[{"href":"https:\/\/www.jsgnordsuedcap.de\/index.php?rest_route=\/wp\/v2\/pages"}],"about":[{"href":"https:\/\/www.jsgnordsuedcap.de\/index.php?rest_route=\/wp\/v2\/types\/page"}],"author":[{"embeddable":true,"href":"https:\/\/www.jsgnordsuedcap.de\/index.php?rest_route=\/wp\/v2\/users\/4"}],"replies":[{"embeddable":true,"href":"https:\/\/www.jsgnordsuedcap.de\/index.php?rest_route=%2Fwp%2Fv2%2Fcomments&post=10690"}],"version-history":[{"count":3,"href":"https:\/\/www.jsgnordsuedcap.de\/index.php?rest_route=\/wp\/v2\/pages\/10690\/revisions"}],"predecessor-version":[{"id":10720,"href":"https:\/\/www.jsgnordsuedcap.de\/index.php?rest_route=\/wp\/v2\/pages\/10690\/revisions\/10720"}],"wp:attachment":[{"href":"https:\/\/www.jsgnordsuedcap.de\/index.php?rest_route=%2Fwp%2Fv2%2Fmedia&parent=10690"}],"curies":[{"name":"wp","href":"https:\/\/api.w.org\/{rel}","templated":true}]}}