{"id":2683,"date":"2014-08-16T19:36:00","date_gmt":"2014-08-16T17:36:00","guid":{"rendered":"http:\/\/xn--jsgsdcap-95a.de\/?page_id=2683"},"modified":"2023-03-17T12:34:53","modified_gmt":"2023-03-17T11:34:53","slug":"mitmachen","status":"publish","type":"page","link":"https:\/\/www.jsgnordsuedcap.de\/?page_id=2683","title":{"rendered":"Mitmachen"},"content":{"rendered":"<p><a href=\"http:\/\/www.jsgnordsuedcap.de\/?attachment_id=5861\" rel=\"attachment wp-att-5861\"><img loading=\"lazy\" decoding=\"async\" class=\"alignnone wp-image-5861\" src=\"http:\/\/www.jsgnordsuedcap.de\/wp-content\/uploads\/2017\/07\/LOGOJSG_nords\u00fcdcap-1024x1024.jpg\" alt=\"\" width=\"80\" height=\"80\" srcset=\"https:\/\/www.jsgnordsuedcap.de\/wp-content\/uploads\/2017\/07\/LOGOJSG_nords\u00fcdcap-1024x1024.jpg 1024w, https:\/\/www.jsgnordsuedcap.de\/wp-content\/uploads\/2017\/07\/LOGOJSG_nords\u00fcdcap-150x150.jpg 150w, https:\/\/www.jsgnordsuedcap.de\/wp-content\/uploads\/2017\/07\/LOGOJSG_nords\u00fcdcap-300x300.jpg 300w, https:\/\/www.jsgnordsuedcap.de\/wp-content\/uploads\/2017\/07\/LOGOJSG_nords\u00fcdcap-768x768.jpg 768w\" sizes=\"auto, (max-width: 80px) 100vw, 80px\" \/><\/a><\/p>\n<p><strong>Herzlich Willkommen! <\/strong><\/p>\n<p><strong>Vielen Dank f\u00fcr Ihr Interesse an unserer Jugendspielgemeinschaft<\/strong>.<\/p>\n<p><span style=\"color: #ff0000;\"><strong>Sie m\u00f6chten Ihre Freizeit sinnvoll nutzen und sich ehrenamtlich engagieren?<\/strong><\/span><\/p>\n<p><strong>Dann sind Sie bei uns genau richtig. <\/strong><\/p>\n<p>Wir suchen <strong>st\u00e4ndig engagierte Leute in jedem Alter<\/strong>, die<\/p>\n<ul>\n<li>Kindern und Jugendlichen in unserer Gemeinde eine <strong>sinnvolle<\/strong> Freizeitbesch\u00e4ftigung erm\u00f6glichen wollen.<\/li>\n<li>gerne Ihre eigenen <strong>F\u00e4higkeiten und Talente<\/strong> zum Wohle\u00a0anderer Menschen einsetzen<\/li>\n<li><strong>Spa\u00df<\/strong> am Fu\u00dfball haben und dies auch weitergeben wollen<\/li>\n<\/ul>\n<p>Sich im Bereich \u201eJugendfu\u00dfball\u201c zu bet\u00e4tigen, bedeutet auch nicht, dass man selber ein \u201eProfi\u201c in Sachen Fu\u00dfball sein muss. Bei uns gibt es viele verschiedene T\u00e4tigkeitsfelder, da wird sicherlich auch etwas f\u00fcr Sie dabei sein, das Ihren F\u00e4higkeiten und Vorstellungen entspricht.<\/p>\n<p><a href=\"http:\/\/www.jsgnordsuedcap.de\/?attachment_id=6081\" rel=\"attachment wp-att-6081\"><img loading=\"lazy\" decoding=\"async\" class=\"alignnone  wp-image-6081\" src=\"http:\/\/www.jsgnordsuedcap.de\/wp-content\/uploads\/2017\/09\/IMG_5461-1024x673.jpg\" alt=\"\" width=\"451\" height=\"297\" srcset=\"https:\/\/www.jsgnordsuedcap.de\/wp-content\/uploads\/2017\/09\/IMG_5461-1024x673.jpg 1024w, https:\/\/www.jsgnordsuedcap.de\/wp-content\/uploads\/2017\/09\/IMG_5461-300x197.jpg 300w, https:\/\/www.jsgnordsuedcap.de\/wp-content\/uploads\/2017\/09\/IMG_5461-768x505.jpg 768w, https:\/\/www.jsgnordsuedcap.de\/wp-content\/uploads\/2017\/09\/IMG_5461.jpg 1400w\" sizes=\"auto, (max-width: 451px) 100vw, 451px\" \/><\/a><\/p>\n<p><strong>Sie k\u00f6nnen zum Beispiel\u2026<\/strong><\/p>\n<ul>\n<li>eine Jugendmannschaft trainieren oder betreuen<\/li>\n<li>die Spieler zu Ausw\u00e4rtsspielen\/ Training fahren<\/li>\n<li>bei der Organisation und Durchf\u00fchrung von Festen und Turnieren helfen<\/li>\n<li>Verwaltungsarbeiten \u00fcbernehmen<\/li>\n<li>die Homepage weiter gestalten<\/li>\n<li>bei der Pflege und Instandhaltung der Platzanlage helfen<\/li>\n<\/ul>\n<p>Unsere ehrenamtlichen Helfer bringen sich mit Ihren Kompetenzen, Erfahrungen, Interessen und Ihrem Wissen ein, vor allem aber mit Ihrer <strong>Zeit<\/strong>, die Sie gerne f\u00fcr unsere Kinder und Jugendlichen zur Verf\u00fcgung stellen. Sie erfahren Ihren Einsatz als <strong>sinnvoll<\/strong> und <strong>gewinnbringend<\/strong>, erleben <strong>Gemeinschaft<\/strong>, machen <strong>neue Erfahrungen<\/strong>, entwickeln <strong>pers\u00f6nliche<\/strong> und <strong>soziale Kompetenzen<\/strong> weiter und erfahren <strong>Wertsch\u00e4tzung<\/strong> und <strong>Anerkennung<\/strong>.<\/p>\n<p>Vom JSG-Vorstand und den anderen Ehrenamtlichen erhalten Sie <strong>Unterst\u00fctzung<\/strong> und <strong>Hilfe<\/strong>. Durch <strong>Fortbildungsangebote<\/strong> und <strong>Teamsitzungen<\/strong> erfahren alle die notwendigen Hilfen und Begleitangebote.<\/p>\n<p><a href=\"http:\/\/www.jsgnordsuedcap.de\/?attachment_id=4789\" rel=\"attachment wp-att-4789\"><img loading=\"lazy\" decoding=\"async\" class=\"alignnone  wp-image-4789\" src=\"http:\/\/www.jsgnordsuedcap.de\/wp-content\/uploads\/2016\/04\/IMG_0843-1024x683.jpg\" alt=\"\" width=\"342\" height=\"228\" srcset=\"https:\/\/www.jsgnordsuedcap.de\/wp-content\/uploads\/2016\/04\/IMG_0843-1024x683.jpg 1024w, https:\/\/www.jsgnordsuedcap.de\/wp-content\/uploads\/2016\/04\/IMG_0843-300x200.jpg 300w, https:\/\/www.jsgnordsuedcap.de\/wp-content\/uploads\/2016\/04\/IMG_0843.jpg 1920w\" sizes=\"auto, (max-width: 342px) 100vw, 342px\" \/><\/a><\/p>\n<p>Den zeitlichen Umfang Ihrer T\u00e4tigkeit bestimmen nat\u00fcrlich Sie selber: F\u00fcr eine Trainer\/ Betreuert\u00e4tigkeit w\u00e4ren ca. 8-9 Stunden pro Woche zu kalkulieren, die anderen oben aufgef\u00fchrten Einsatzgebiete erfordern bedeutend weniger Zeiteinsatz.<\/p>\n<p>Auch\u00a0bei der Durchf\u00fchrung von Veranstaltungen suchen wir Unterst\u00fctzung. Hier w\u00e4re nur eine <strong>gelegentliche<\/strong> Mithilfe von einigen wenigen Stunden erforderlich.<\/p>\n<p><a href=\"http:\/\/www.jsgnordsuedcap.de\/?attachment_id=6598\" rel=\"attachment wp-att-6598\"><img loading=\"lazy\" decoding=\"async\" class=\"alignnone  wp-image-6598\" src=\"http:\/\/www.jsgnordsuedcap.de\/wp-content\/uploads\/2018\/09\/IMG_8925-1024x683.jpg\" alt=\"\" width=\"318\" height=\"212\" srcset=\"https:\/\/www.jsgnordsuedcap.de\/wp-content\/uploads\/2018\/09\/IMG_8925-1024x683.jpg 1024w, https:\/\/www.jsgnordsuedcap.de\/wp-content\/uploads\/2018\/09\/IMG_8925-300x200.jpg 300w, https:\/\/www.jsgnordsuedcap.de\/wp-content\/uploads\/2018\/09\/IMG_8925-768x512.jpg 768w\" sizes=\"auto, (max-width: 318px) 100vw, 318px\" \/><\/a><\/p>\n<p>Viele weitere Informationen geben wir Ihnen gerne in einem <strong>unverbindlichen<\/strong> Gespr\u00e4ch.<br \/>\nBitte setzen Sie sich bei Interesse mit unserem Jugendleiter <strong>R\u00fcdiger Willms<\/strong> in Verbindung\u00a0\u00a0 <strong>( 0175 4743404 oder: <a href=\"mailto:ruediger.willms@jsg-nordsuedcap.de\" target=\"_blank\" rel=\"noopener\">ruediger.willms@jsg-nordsuedcap.de<\/a>)<br \/>\n<\/strong><\/p>\n<p><strong>Werden Sie ein Teil unserer Gemeinschaft-<\/strong><\/p>\n<p><strong>Wir freuen uns auf Ihr ehrenamtliches Engagement in der JSG NordS\u00fcdCap.<br \/>\n<\/strong><\/p>\n<p><a href=\"http:\/\/www.jsgnordsuedcap.de\/?attachment_id=5861\" rel=\"attachment wp-att-5861\"><img loading=\"lazy\" decoding=\"async\" class=\"alignnone wp-image-5861\" src=\"http:\/\/www.jsgnordsuedcap.de\/wp-content\/uploads\/2017\/07\/LOGOJSG_nords\u00fcdcap-1024x1024.jpg\" alt=\"\" width=\"76\" height=\"76\" srcset=\"https:\/\/www.jsgnordsuedcap.de\/wp-content\/uploads\/2017\/07\/LOGOJSG_nords\u00fcdcap-1024x1024.jpg 1024w, https:\/\/www.jsgnordsuedcap.de\/wp-content\/uploads\/2017\/07\/LOGOJSG_nords\u00fcdcap-150x150.jpg 150w, https:\/\/www.jsgnordsuedcap.de\/wp-content\/uploads\/2017\/07\/LOGOJSG_nords\u00fcdcap-300x300.jpg 300w, https:\/\/www.jsgnordsuedcap.de\/wp-content\/uploads\/2017\/07\/LOGOJSG_nords\u00fcdcap-768x768.jpg 768w\" sizes=\"auto, (max-width: 76px) 100vw, 76px\" \/><\/a><\/p>\n","protected":false},"excerpt":{"rendered":"<p>Herzlich Willkommen! Vielen Dank f\u00fcr Ihr Interesse an unserer Jugendspielgemeinschaft. Sie m\u00f6chten Ihre Freizeit sinnvoll nutzen und sich ehrenamtlich engagieren? Dann sind Sie bei uns genau richtig. Wir suchen st\u00e4ndig engagierte Leute in jedem Alter, die Kindern und Jugendlichen in &hellip; <a href=\"https:\/\/www.jsgnordsuedcap.de\/?page_id=2683\">Weiterlesen <span class=\"meta-nav\">&rarr;<\/span><\/a><\/p>\n","protected":false},"author":4,"featured_media":0,"parent":0,"menu_order":0,"comment_status":"closed","ping_status":"closed","template":"","meta":{"om_disable_all_campaigns":false,"jetpack_post_was_ever_published":false,"footnotes":""},"class_list":["post-2683","page","type-page","status-publish","hentry"],"aioseo_notices":[],"jetpack_shortlink":"https:\/\/wp.me\/P4xSmw-Hh","jetpack_sharing_enabled":true,"_links":{"self":[{"href":"https:\/\/www.jsgnordsuedcap.de\/index.php?rest_route=\/wp\/v2\/pages\/2683","targetHints":{"allow":["GET"]}}],"collection":[{"href":"https:\/\/www.jsgnordsuedcap.de\/index.php?rest_route=\/wp\/v2\/pages"}],"about":[{"href":"https:\/\/www.jsgnordsuedcap.de\/index.php?rest_route=\/wp\/v2\/types\/page"}],"author":[{"embeddable":true,"href":"https:\/\/www.jsgnordsuedcap.de\/index.php?rest_route=\/wp\/v2\/users\/4"}],"replies":[{"embeddable":true,"href":"https:\/\/www.jsgnordsuedcap.de\/index.php?rest_route=%2Fwp%2Fv2%2Fcomments&post=2683"}],"version-history":[{"count":13,"href":"https:\/\/www.jsgnordsuedcap.de\/index.php?rest_route=\/wp\/v2\/pages\/2683\/revisions"}],"predecessor-version":[{"id":8219,"href":"https:\/\/www.jsgnordsuedcap.de\/index.php?rest_route=\/wp\/v2\/pages\/2683\/revisions\/8219"}],"wp:attachment":[{"href":"https:\/\/www.jsgnordsuedcap.de\/index.php?rest_route=%2Fwp%2Fv2%2Fmedia&parent=2683"}],"curies":[{"name":"wp","href":"https:\/\/api.w.org\/{rel}","templated":true}]}}