{"id":339,"date":"2013-08-14T08:26:44","date_gmt":"2013-08-14T06:26:44","guid":{"rendered":"http:\/\/xn--jsgsdcap-95a.de\/?page_id=339"},"modified":"2025-03-24T10:15:16","modified_gmt":"2025-03-24T09:15:16","slug":"downloads","status":"publish","type":"page","link":"https:\/\/www.jsgnordsuedcap.de\/?page_id=339","title":{"rendered":"Downloads"},"content":{"rendered":"<p><a href=\"http:\/\/www.jsgnordsuedcap.de\/?attachment_id=5861\" rel=\"attachment wp-att-5861\"><img loading=\"lazy\" decoding=\"async\" class=\"alignnone size-thumbnail wp-image-5861\" src=\"http:\/\/www.jsgnordsuedcap.de\/wp-content\/uploads\/2017\/07\/LOGOJSG_nords\u00fcdcap-150x150.jpg\" alt=\"\" width=\"150\" height=\"150\" srcset=\"https:\/\/www.jsgnordsuedcap.de\/wp-content\/uploads\/2017\/07\/LOGOJSG_nords\u00fcdcap-150x150.jpg 150w, https:\/\/www.jsgnordsuedcap.de\/wp-content\/uploads\/2017\/07\/LOGOJSG_nords\u00fcdcap-300x300.jpg 300w, https:\/\/www.jsgnordsuedcap.de\/wp-content\/uploads\/2017\/07\/LOGOJSG_nords\u00fcdcap-768x768.jpg 768w, https:\/\/www.jsgnordsuedcap.de\/wp-content\/uploads\/2017\/07\/LOGOJSG_nords\u00fcdcap-1024x1024.jpg 1024w\" sizes=\"auto, (max-width: 150px) 100vw, 150px\" \/><\/a><\/p>\n<h2><strong>Formulare, Antr\u00e4ge sowie viele andere wichtige Informationen finden Sie hier:<\/strong><\/h2>\n<h3><strong><br \/><\/strong><a href=\"https:\/\/www.dfb.de\/fair-playgewaltpraevention\/kinderschutz\/start\/\" target=\"_blank\" rel=\"noopener\"><strong>Informationen DFB &#8220;Kinderschutz&#8221;<\/strong><\/a><\/h3>\n<h3><a href=\"http:\/\/www.jsgnordsuedcap.de\/wp-content\/uploads\/2024\/08\/Schutzkonzept-Sex.-Gewalt-Version-Aug-2024.pdf\" target=\"_blank\" rel=\"noopener\"><strong>JSG &#8211; Schutzkonzept &#8220;Pr\u00e4vention sexualisierter Gewalt&#8221;<\/strong><\/a><\/h3>\n<h3><a href=\"http:\/\/www.jsgnordsuedcap.de\/wp-content\/uploads\/2022\/10\/Hinweise-Anmeldung.pdf\" target=\"_blank\" rel=\"noopener\"><strong>Hinweise f\u00fcr Anmeldungen Spieler:innen<\/strong><\/a><\/h3>\n<h3><strong><span style=\"color: #000000;\"><a style=\"color: #000000;\" href=\"http:\/\/www.jsgnordsuedcap.de\/wp-content\/uploads\/2019\/09\/SV-Anmeldeformular-2019-1.0.pdf\" target=\"_blank\" rel=\"noopener\">Mitgliedsantrag SV 26 S\u00fcdkirchen e.V.<\/a><\/span><\/strong><\/h3>\n<h3><a href=\"http:\/\/www.jsgnordsuedcap.de\/wp-content\/uploads\/2017\/11\/20170000-Antrag-auf-Mitgliedschaft-201706-V.pdf\" target=\"_blank\" rel=\"noopener\"><span style=\"color: #000000;\"><strong><span style=\"color: #000000;\">Mitgliedsantrag FC Nordkirchen 1926 e.V.<\/span><\/strong><\/span><\/a><\/h3>\n<h3><a href=\"http:\/\/www.jsgnordsuedcap.de\/wp-content\/uploads\/2025\/03\/03_2025Mitgliedsantrag_1_SCC_250320_134704.pdf\" target=\"_blank\" rel=\"noopener\" data-wplink-edit=\"true\"><strong>Mitgliedsantrag SC Capelle 1971 e.V.<\/strong><\/a><\/h3>\n<h3><a href=\"http:\/\/www.jsgnordsuedcap.de\/wp-content\/uploads\/2022\/10\/Einverstaendniserklaerung-Spielerfoto-und-WDFV_Antrag_Spielberechtigung.pdf\" target=\"_blank\" rel=\"noopener\"><span style=\"color: #000000;\"><strong><span style=\"color: #000000;\">Antrag Spielberechtigung (&#8220;Spielerpass&#8221;), Datenschutz, Einverst\u00e4ndniserkl\u00e4rung Spielerfoto<\/span><\/strong><\/span><\/a><\/h3>\n<h3><span style=\"color: #000000;\"><a href=\"http:\/\/www.jsgnordsuedcap.de\/wp-content\/uploads\/2019\/11\/Jugendkonzept-JSG-2019-clean.pdf\" target=\"_blank\" rel=\"noopener\"><strong><span style=\"color: #000000;\">JSG-Jugendkonzept Version 11\/2019<\/span><\/strong><\/a><\/span><\/h3>\n<h3><span style=\"color: #000000;\"><strong><span style=\"color: #000000;\"><a href=\"http:\/\/www.jsgnordsuedcap.de\/wp-content\/uploads\/2020\/08\/190814_Leitfaden-Fotoerstellung_low.pdf\" target=\"_blank\" rel=\"noopener\"><span style=\"color: #000000;\">Leitfaden zur Erstellung der Spielerfotos<\/span><\/a><\/span><br \/><span style=\"color: #000000;\"> (f\u00fcr Trainer:innen)<\/span><\/strong><\/span><\/h3>\n<h3><span style=\"color: #000000;\"><a style=\"color: #000000;\" href=\"http:\/\/www.jsgnordsuedcap.de\/wp-content\/uploads\/2022\/02\/Vereinbarung-Fotograf-JSG.pdf\" target=\"_blank\" rel=\"noopener\"><strong>Vereinbarung Fotograf\u00a0\u00a0 (f\u00fcr Trainer:innen)<\/strong><\/a><\/span><\/h3>\n<h3><a href=\"http:\/\/www.jsgnordsuedcap.de\/wp-content\/uploads\/2024\/11\/DOC-20241106-WA0008.pdf\" target=\"_blank\" rel=\"noopener\"><strong>Checkliste Anmeldung Spieler:innen (f\u00fcr Trainer:innen)<\/strong><\/a><\/h3>\n<h3><a href=\"https:\/\/www.lsb.nrw\/fileadmin\/global\/media\/Downloadcenter\/Sexualisierte_Gewalt\/LSB-Elternkompass.pdf\" target=\"_blank\" rel=\"noopener\"><span style=\"color: #000000;\"><strong>Elternkompass mit wichtigen Informationen zum Kinder- und Jugendschutz in Sportvereinen<\/strong><\/span><\/a><\/h3>\n\n\n<p><strong><a href=\"http:\/\/www.jsgnordsuedcap.de\/wp-content\/uploads\/2023\/03\/DOC-20230320-WA0002..pdf\" target=\"_blank\" rel=\"noopener\" title=\"\">Einverst\u00e4ndniserkl\u00e4rung Probetraining f\u00fcr JSG Spieler:innen bei einem anderen Verein<\/a><\/strong><\/p>\n\n\n\n<p><strong><a href=\"http:\/\/www.jsgnordsuedcap.de\/wp-content\/uploads\/2024\/04\/Teilnahmeerlaubnis-Probetraining-bei-der-JSG-NordSuedCap.pdf\" target=\"_blank\" rel=\"noopener\" title=\"\">Einverst\u00e4ndniserkl\u00e4rung Probetraining bei der JSG NordS\u00fcdCap<\/a><\/strong><\/p>\n\n\n\n<p><strong><span style=\"text-decoration: underline;\"><a href=\"https:\/\/wdfv.de\/der-wdfv\/service\/downloads-und-veroeffentlichungen\" target=\"_blank\" rel=\"noopener\" title=\"\">Weiterf\u00fchrende Infos vom Westdeutschen Fu\u00dfballverband gibt es hier<\/a><\/span><\/strong><\/p>\n","protected":false},"excerpt":{"rendered":"<p>Formulare, Antr\u00e4ge sowie viele andere wichtige Informationen finden Sie hier: Informationen DFB &#8220;Kinderschutz&#8221; JSG &#8211; Schutzkonzept &#8220;Pr\u00e4vention sexualisierter Gewalt&#8221; Hinweise f\u00fcr Anmeldungen Spieler:innen Mitgliedsantrag SV 26 S\u00fcdkirchen e.V. Mitgliedsantrag FC Nordkirchen 1926 e.V. Mitgliedsantrag SC Capelle 1971 e.V. Antrag Spielberechtigung &hellip; <a href=\"https:\/\/www.jsgnordsuedcap.de\/?page_id=339\">Weiterlesen <span class=\"meta-nav\">&rarr;<\/span><\/a><\/p>\n","protected":false},"author":1,"featured_media":0,"parent":0,"menu_order":0,"comment_status":"closed","ping_status":"closed","template":"","meta":{"om_disable_all_campaigns":false,"jetpack_post_was_ever_published":false,"footnotes":""},"class_list":["post-339","page","type-page","status-publish","hentry"],"aioseo_notices":[],"jetpack_shortlink":"https:\/\/wp.me\/P4xSmw-5t","jetpack_sharing_enabled":true,"_links":{"self":[{"href":"https:\/\/www.jsgnordsuedcap.de\/index.php?rest_route=\/wp\/v2\/pages\/339","targetHints":{"allow":["GET"]}}],"collection":[{"href":"https:\/\/www.jsgnordsuedcap.de\/index.php?rest_route=\/wp\/v2\/pages"}],"about":[{"href":"https:\/\/www.jsgnordsuedcap.de\/index.php?rest_route=\/wp\/v2\/types\/page"}],"author":[{"embeddable":true,"href":"https:\/\/www.jsgnordsuedcap.de\/index.php?rest_route=\/wp\/v2\/users\/1"}],"replies":[{"embeddable":true,"href":"https:\/\/www.jsgnordsuedcap.de\/index.php?rest_route=%2Fwp%2Fv2%2Fcomments&post=339"}],"version-history":[{"count":180,"href":"https:\/\/www.jsgnordsuedcap.de\/index.php?rest_route=\/wp\/v2\/pages\/339\/revisions"}],"predecessor-version":[{"id":9928,"href":"https:\/\/www.jsgnordsuedcap.de\/index.php?rest_route=\/wp\/v2\/pages\/339\/revisions\/9928"}],"wp:attachment":[{"href":"https:\/\/www.jsgnordsuedcap.de\/index.php?rest_route=%2Fwp%2Fv2%2Fmedia&parent=339"}],"curies":[{"name":"wp","href":"https:\/\/api.w.org\/{rel}","templated":true}]}}