{"id":9448,"date":"2024-08-05T11:41:36","date_gmt":"2024-08-05T09:41:36","guid":{"rendered":"http:\/\/www.jsgnordsuedcap.de\/?page_id=9448"},"modified":"2026-04-26T00:03:40","modified_gmt":"2026-04-25T22:03:40","slug":"anmeldungen-mitgliedschaft","status":"publish","type":"page","link":"https:\/\/www.jsgnordsuedcap.de\/?page_id=9448","title":{"rendered":"Anmeldungen \/ Mitgliedschaft"},"content":{"rendered":"\n<h3 class=\"wp-block-heading\"><strong>Sie haben ein fu\u00dfballbegeistertes Kind, das noch in keinem anderen Verein spielt und das uns einmal kennenlernen m\u00f6chte?<\/strong><\/h3>\n\n\n\n<p>&#8230;.dann schauen Sie doch einfach unter dem Men\u00fcpunkt &#8220;Teams&#8221; nach dem f\u00fcr Ihr Kind passenden Angebot (s. <strong>Geburtsjahrgang<\/strong>!),kontaktieren den entsprechenden Trainer:in und stimmen sich \u00fcber ein Probetraining mit ihm ab. Erst nach einer gewissen Probezeit ist eine Anmeldung notwendig. Bitte kommen Sie nicht unangemeldet zum Platz, dies w\u00fcrde den Trainingsbetrieb m\u00f6glicherweise st\u00f6ren. Besser ist es, wenn unsere Trainer:innen vorher informiert sind. Viele Fragen k\u00f6nnen dann bereits im Vorfeld gekl\u00e4rt werden.<\/p>\n\n\n\n<p><strong>Sie wollen Ihr Kind bei der JSG NordS\u00fcdCap zum Trainings- \/ Spielbetrieb anmelden?<\/strong><\/p>\n\n\n\n<p>Dann freuen wir uns nat\u00fcrlich sehr, Sie und ihr Kind bei uns in der JSG- Familie <strong>herzlich<\/strong> begr\u00fc\u00dfen zu d\u00fcrfen.<br><strong>Wichtig:<\/strong> Da das Anmeldeverfahren f\u00fcr die JSG&nbsp; Zeit und Kosten verursacht, sollte eine Anmeldung nur dann erfolgen, wenn Ihr Kind nach einer angemessenen <strong>Probezeit<\/strong> mit hoher Wahrscheinlichkeit l\u00e4ngerfristig bei uns spielen wird. Gerade bei den Kleinsten stellt sich leider gelegentlich heraus, dass sie die Lust am Fu\u00dfball verlieren und dann war der ganze Aufwand unn\u00f6tig. Probieren sie das Training bei uns aus und halten Sie <strong>R\u00fccksprache<\/strong> mit den entsprechenden Trainern:innen, ob eine Anmeldung angebracht ist. <br><strong>Vielen Dank f\u00fcr Ihr Verst\u00e4ndnis!<\/strong><\/p>\n\n\n\n<p>Sollten sie sich dann zu einer Anmeldung entschlie\u00dfen, lesen Sie bitte zuerst die <a href=\"http:\/\/www.jsgnordsuedcap.de\/wp-content\/uploads\/2022\/10\/Hinweise-Anmeldung.pdf\" target=\"_blank\" rel=\"noreferrer noopener\"><strong>Hinweise f\u00fcr Anmeldungen<\/strong><\/a>, drucken sich dann den entsprechenden <strong>Mitgliedsantrag <\/strong>(siehe &#8220;<a href=\"http:\/\/www.jsgnordsuedcap.de\/?page_id=339\" target=\"_blank\" rel=\"noopener\" title=\"\">Downloads<\/a>&#8220;) sowie den <strong><a href=\"http:\/\/www.jsgnordsuedcap.de\/wp-content\/uploads\/2022\/10\/Einverstaendniserklaerung-Spielerfoto-und-WDFV_Antrag_Spielberechtigung.pdf\" target=\"_blank\" rel=\"noreferrer noopener\">Antrag Spielberechtigung<\/a> <\/strong>aus, unterschreiben diese, besorgen sich entweder eine<strong> Geburtsurkunde bzw. einen Stempel <\/strong>der Stadt \/ Gemeinde, die f\u00fcr Sie zust\u00e4ndig ist, und geben dann alles dem entsprechenden Trainer oder unserem Vorstandsmitglied <strong>Ingo Schock<\/strong>, der sich dann um alles weitere k\u00fcmmert.<br>Ingo Schock, Dahlienweg 4, 59394 Nordkirchen, Tel.: 0176-78144399<br><a href=\"mailto:ingo.schock@jsg-nordsuedcap.de\">ingo.schock@jsg-nordsuedcap.de<\/a><br>Sollte Ihnen ein Ausdrucken der Formulare nicht m\u00f6glich sein, sprechen Sie jemanden vom Leitungsteam an, dann \u00fcbernehmen wir das f\u00fcr Sie.<\/p>\n\n\n\n<p><strong>Ihr Kind m\u00f6chte bei einem Probe- \/ Schnuppertraining bei uns teilnehmen, ist aber bei einem anderen Fu\u00dfballverein angemeldet?<\/strong><\/p>\n\n\n\n<p>&#8230;.dann m\u00fcssen Sie &#8211; <strong>bevor<\/strong> ihr Kind bei uns am Training teilnimmt &#8211; den anderen Verein informieren. Dazu nutzen Sie bitte das folgende Formular:<br><strong><a href=\"http:\/\/www.jsgnordsuedcap.de\/wp-content\/uploads\/2024\/04\/Teilnahmeerlaubnis-Probetraining-bei-der-JSG-NordSuedCap.pdf\" target=\"_blank\" rel=\"noreferrer noopener\">Einverst\u00e4ndniserkl\u00e4rung Probetraining bei der JSG NordS\u00fcdCap<\/a><br><\/strong>Bitte drucken Sie das Formular aus, lassen es von einem zust\u00e4ndigen Vereinsvertreter unterschreiben und bringen es zum Probetraining bei uns mit und zeigen es dem\/ der entsprechenden Trainer:in, damit ihr Kind teilnehmen darf. Das Verfahren ist so innerhalb des Fu\u00dfballverbandes abgestimmt, damit eine gute Transparenz daf\u00fcr sorgt, dass kein Verein durch m\u00f6gliche Spielerwechsel pl\u00f6tzlich den Spielbetrieb nicht mehr sichern kann.<\/p>\n\n\n\n<p><strong>Ihr Kind ist bei uns Mitglied und m\u00f6chte bei einem anderen Verein ein Probetraining machen?<\/strong><\/p>\n\n\n\n<p>&#8230;.dann bitte das folgende Formular <strong><a href=\"http:\/\/www.jsgnordsuedcap.de\/wp-content\/uploads\/2023\/03\/DOC-20230320-WA0002..pdf\" target=\"_blank\" rel=\"noreferrer noopener\">Einverst\u00e4ndniserkl\u00e4rung Probetraining f\u00fcr JSG Spieler bei einem anderen Verein<\/a><\/strong> ausdrucken und von einem Mitglied des JSG- <a href=\"http:\/\/www.jsgnordsuedcap.de\/?page_id=5941\" target=\"_blank\" rel=\"noreferrer noopener\">Leitungsteams<\/a> unterschreiben lassen, bevor ihr Kind bei einem anderen Verein an einem Probetraining teilnimmt. Dies hilft uns, m\u00f6gliche Spielerwechsel fr\u00fchzeitig zu erkennen.<\/p>\n\n\n\n<p><\/p>\n\n\n\n<p><strong>Wer ist bei den 3 Stammvereinen f\u00fcr weitere Fragen rund ums Thema &#8220;Mitgliedschaft&#8221; zust\u00e4ndig?<\/strong><\/p>\n\n\n\n<p><strong>FC Nordkirchen:<br>Burkhard Schulte<br>Fu\u00dfballabteilung FC Nordkirchen<br>Auf den \u00c4ckern 27 a<br>59394 Nordkirchen<br>0170 4318612<br>Burkhard.schulte@fc-nordkirchen.de<\/strong><\/p>\n\n\n\n<p><strong>SV S\u00fcdkirchen:<br>Thomas Wiggers<br>Elisabeth-Ernst-Str. 43<br>59394 Nordkirchen<br>0160 3617956<br><\/strong><br><strong>SC Capelle:<br>Sebastian Mertens<br>Gorfeldstra\u00dfe 25<br>59394 Nordkirchen<br>0162 4552488<\/strong><\/p>\n\n\n\n<p><\/p>\n","protected":false},"excerpt":{"rendered":"<p>Sie haben ein fu\u00dfballbegeistertes Kind, das noch in keinem anderen Verein spielt und das uns einmal kennenlernen m\u00f6chte? &#8230;.dann schauen Sie doch einfach unter dem Men\u00fcpunkt &#8220;Teams&#8221; nach dem f\u00fcr Ihr Kind passenden Angebot (s. Geburtsjahrgang!),kontaktieren den entsprechenden Trainer:in und &hellip; <a href=\"https:\/\/www.jsgnordsuedcap.de\/?page_id=9448\">Weiterlesen <span class=\"meta-nav\">&rarr;<\/span><\/a><\/p>\n","protected":false},"author":4,"featured_media":0,"parent":0,"menu_order":0,"comment_status":"closed","ping_status":"closed","template":"","meta":{"om_disable_all_campaigns":false,"jetpack_post_was_ever_published":false,"footnotes":""},"class_list":["post-9448","page","type-page","status-publish","hentry"],"aioseo_notices":[],"jetpack_shortlink":"https:\/\/wp.me\/P4xSmw-2so","jetpack_sharing_enabled":true,"_links":{"self":[{"href":"https:\/\/www.jsgnordsuedcap.de\/index.php?rest_route=\/wp\/v2\/pages\/9448","targetHints":{"allow":["GET"]}}],"collection":[{"href":"https:\/\/www.jsgnordsuedcap.de\/index.php?rest_route=\/wp\/v2\/pages"}],"about":[{"href":"https:\/\/www.jsgnordsuedcap.de\/index.php?rest_route=\/wp\/v2\/types\/page"}],"author":[{"embeddable":true,"href":"https:\/\/www.jsgnordsuedcap.de\/index.php?rest_route=\/wp\/v2\/users\/4"}],"replies":[{"embeddable":true,"href":"https:\/\/www.jsgnordsuedcap.de\/index.php?rest_route=%2Fwp%2Fv2%2Fcomments&post=9448"}],"version-history":[{"count":5,"href":"https:\/\/www.jsgnordsuedcap.de\/index.php?rest_route=\/wp\/v2\/pages\/9448\/revisions"}],"predecessor-version":[{"id":10741,"href":"https:\/\/www.jsgnordsuedcap.de\/index.php?rest_route=\/wp\/v2\/pages\/9448\/revisions\/10741"}],"wp:attachment":[{"href":"https:\/\/www.jsgnordsuedcap.de\/index.php?rest_route=%2Fwp%2Fv2%2Fmedia&parent=9448"}],"curies":[{"name":"wp","href":"https:\/\/api.w.org\/{rel}","templated":true}]}}